{"id":28804,"date":"2025-10-02T14:57:37","date_gmt":"2025-10-02T14:57:37","guid":{"rendered":"https:\/\/usmtwt.com\/?post_type=product&#038;p=28804"},"modified":"2026-02-09T16:23:42","modified_gmt":"2026-02-09T16:23:42","slug":"half-track-m16","status":"publish","type":"product","link":"https:\/\/usmtwt.com\/fr\/boutique\/nouveautes\/half-track-m16\/","title":{"rendered":"HALF TRACK M16"},"content":{"rendered":"<p>En excellent \u00e9tat pour une restauration simple.<\/p>\n<p>Tous les blindages sont pr\u00e9sent sauf le panneau arri\u00e8re.<\/p>\n<p>Accastillage quasi complet : si\u00e8ges, boites et accessoires de caisse, poign\u00e9es, verrous\u2026<\/p>\n<p>Jantes combat, \u00e9chappement neuf, d\u00e9marreur NOS, dynamo, t\u00eate allumage NOS, pompe essence\u2026 (photo).<\/p>\n<p>Le numero de s\u00e9rie correspond bien \u00e0 un M16 WW2.<\/p>","protected":false},"excerpt":{"rendered":"<p>En excellent \u00e9tat pour une restauration simple. Tous les blindages sont pr\u00e9sent sauf le panneau arri\u00e8re. Accastillage quasi complet : si\u00e8ges, boites [&hellip;]<\/p>\n","protected":false},"featured_media":29115,"template":"","meta":{"jetpack_post_was_ever_published":false,"jetpack_publicize_message":"","jetpack_publicize_feature_enabled":true,"jetpack_social_post_already_shared":true,"jetpack_social_options":{"image_generator_settings":{"template":"highway","default_image_id":0,"font":"","enabled":false},"version":2}},"product_brand":[],"product_cat":[32,192],"product_tag":[],"class_list":{"0":"post-28804","1":"product","2":"type-product","3":"status-publish","4":"has-post-thumbnail","6":"product_cat-nouveautes","7":"product_cat-vehicules-en-vente","9":"first","10":"instock","11":"shipping-taxable","12":"product-type-simple"},"supplier_id":null,"supplier_sku":"","barcode":null,"atum_controlled":true,"out_stock_date":null,"out_stock_threshold":null,"inheritable":false,"inbound_stock":0,"stock_on_hold":0,"sold_today":0,"sales_last_days":0,"reserved_stock":0,"customer_returns":0,"warehouse_damage":0,"lost_in_post":0,"other_logs":0,"out_stock_days":0,"lost_sales":0,"has_location":false,"update_date":"2026-04-16T00:14:02","atum_locations":[],"atum_stock_status":"instock","restock_status":false,"low_stock_amount":"","sales_update_date":"2026-04-16T00:14:02","calc_backorders":null,"yoast_head":"<!-- This site is optimized with the Yoast SEO plugin v27.4 - https:\/\/yoast.com\/product\/yoast-seo-wordpress\/ -->\n<title>HALF TRACK M16 -<\/title>\n<meta name=\"robots\" content=\"index, follow, max-snippet:-1, max-image-preview:large, max-video-preview:-1\" \/>\n<link rel=\"canonical\" href=\"https:\/\/usmtwt.com\/boutique\/nouveautes\/half-track-m16\/\" \/>\n<meta property=\"og:locale\" content=\"fr_FR\" \/>\n<meta property=\"og:type\" content=\"article\" \/>\n<meta property=\"og:title\" content=\"HALF TRACK M16 -\" \/>\n<meta property=\"og:description\" content=\"En excellent \u00e9tat pour une restauration simple. Tous les blindages sont pr\u00e9sent sauf le panneau arri\u00e8re. Accastillage quasi complet : si\u00e8ges, boites [&hellip;]\" \/>\n<meta property=\"og:url\" content=\"https:\/\/usmtwt.com\/boutique\/nouveautes\/half-track-m16\/\" \/>\n<meta property=\"article:modified_time\" content=\"2026-02-09T16:23:42+00:00\" \/>\n<meta property=\"og:image\" content=\"https:\/\/usmtwt.com\/wp-content\/uploads\/2025\/10\/USMTWT5987.jpg\" \/>\n\t<meta property=\"og:image:width\" content=\"420\" \/>\n\t<meta property=\"og:image:height\" content=\"420\" \/>\n\t<meta property=\"og:image:type\" content=\"image\/jpeg\" \/>\n<meta name=\"twitter:card\" content=\"summary_large_image\" \/>\n<meta name=\"twitter:label1\" content=\"Dur\u00e9e de lecture estim\u00e9e\" \/>\n\t<meta name=\"twitter:data1\" content=\"1 minute\" \/>\n<script type=\"application\/ld+json\" class=\"yoast-schema-graph\">{\"@context\":\"https:\\\/\\\/schema.org\",\"@graph\":[{\"@type\":\"WebPage\",\"@id\":\"https:\\\/\\\/usmtwt.com\\\/boutique\\\/nouveautes\\\/half-track-m16\\\/\",\"url\":\"https:\\\/\\\/usmtwt.com\\\/boutique\\\/nouveautes\\\/half-track-m16\\\/\",\"name\":\"HALF TRACK M16 -\",\"isPartOf\":{\"@id\":\"https:\\\/\\\/usmtwt.com\\\/#website\"},\"primaryImageOfPage\":{\"@id\":\"https:\\\/\\\/usmtwt.com\\\/boutique\\\/nouveautes\\\/half-track-m16\\\/#primaryimage\"},\"image\":{\"@id\":\"https:\\\/\\\/usmtwt.com\\\/boutique\\\/nouveautes\\\/half-track-m16\\\/#primaryimage\"},\"thumbnailUrl\":\"https:\\\/\\\/usmtwt.com\\\/wp-content\\\/uploads\\\/2025\\\/10\\\/USMTWT5987.jpg\",\"datePublished\":\"2025-10-02T14:57:37+00:00\",\"dateModified\":\"2026-02-09T16:23:42+00:00\",\"breadcrumb\":{\"@id\":\"https:\\\/\\\/usmtwt.com\\\/boutique\\\/nouveautes\\\/half-track-m16\\\/#breadcrumb\"},\"inLanguage\":\"fr-FR\",\"potentialAction\":[{\"@type\":\"ReadAction\",\"target\":[\"https:\\\/\\\/usmtwt.com\\\/boutique\\\/nouveautes\\\/half-track-m16\\\/\"]}]},{\"@type\":\"ImageObject\",\"inLanguage\":\"fr-FR\",\"@id\":\"https:\\\/\\\/usmtwt.com\\\/boutique\\\/nouveautes\\\/half-track-m16\\\/#primaryimage\",\"url\":\"https:\\\/\\\/usmtwt.com\\\/wp-content\\\/uploads\\\/2025\\\/10\\\/USMTWT5987.jpg\",\"contentUrl\":\"https:\\\/\\\/usmtwt.com\\\/wp-content\\\/uploads\\\/2025\\\/10\\\/USMTWT5987.jpg\",\"width\":420,\"height\":420},{\"@type\":\"BreadcrumbList\",\"@id\":\"https:\\\/\\\/usmtwt.com\\\/boutique\\\/nouveautes\\\/half-track-m16\\\/#breadcrumb\",\"itemListElement\":[{\"@type\":\"ListItem\",\"position\":1,\"name\":\"Accueil\",\"item\":\"https:\\\/\\\/usmtwt.com\\\/\"},{\"@type\":\"ListItem\",\"position\":2,\"name\":\"Products\",\"item\":\"https:\\\/\\\/usmtwt.com\\\/en\\\/shop\\\/\"},{\"@type\":\"ListItem\",\"position\":3,\"name\":\"HALF TRACK M16\"}]},{\"@type\":\"WebSite\",\"@id\":\"https:\\\/\\\/usmtwt.com\\\/#website\",\"url\":\"https:\\\/\\\/usmtwt.com\\\/\",\"name\":\"\",\"description\":\"\",\"potentialAction\":[{\"@type\":\"SearchAction\",\"target\":{\"@type\":\"EntryPoint\",\"urlTemplate\":\"https:\\\/\\\/usmtwt.com\\\/?s={search_term_string}\"},\"query-input\":{\"@type\":\"PropertyValueSpecification\",\"valueRequired\":true,\"valueName\":\"search_term_string\"}}],\"inLanguage\":\"fr-FR\"}]}<\/script>\n<!-- \/ Yoast SEO plugin. -->","yoast_head_json":{"title":"HALF TRACK M16 -","robots":{"index":"index","follow":"follow","max-snippet":"max-snippet:-1","max-image-preview":"max-image-preview:large","max-video-preview":"max-video-preview:-1"},"canonical":"https:\/\/usmtwt.com\/boutique\/nouveautes\/half-track-m16\/","og_locale":"fr_FR","og_type":"article","og_title":"HALF TRACK M16 -","og_description":"En excellent \u00e9tat pour une restauration simple. Tous les blindages sont pr\u00e9sent sauf le panneau arri\u00e8re. Accastillage quasi complet : si\u00e8ges, boites [&hellip;]","og_url":"https:\/\/usmtwt.com\/boutique\/nouveautes\/half-track-m16\/","article_modified_time":"2026-02-09T16:23:42+00:00","og_image":[{"width":420,"height":420,"url":"https:\/\/usmtwt.com\/wp-content\/uploads\/2025\/10\/USMTWT5987.jpg","type":"image\/jpeg"}],"twitter_card":"summary_large_image","twitter_misc":{"Dur\u00e9e de lecture estim\u00e9e":"1 minute"},"schema":{"@context":"https:\/\/schema.org","@graph":[{"@type":"WebPage","@id":"https:\/\/usmtwt.com\/boutique\/nouveautes\/half-track-m16\/","url":"https:\/\/usmtwt.com\/boutique\/nouveautes\/half-track-m16\/","name":"HALF TRACK M16 -","isPartOf":{"@id":"https:\/\/usmtwt.com\/#website"},"primaryImageOfPage":{"@id":"https:\/\/usmtwt.com\/boutique\/nouveautes\/half-track-m16\/#primaryimage"},"image":{"@id":"https:\/\/usmtwt.com\/boutique\/nouveautes\/half-track-m16\/#primaryimage"},"thumbnailUrl":"https:\/\/usmtwt.com\/wp-content\/uploads\/2025\/10\/USMTWT5987.jpg","datePublished":"2025-10-02T14:57:37+00:00","dateModified":"2026-02-09T16:23:42+00:00","breadcrumb":{"@id":"https:\/\/usmtwt.com\/boutique\/nouveautes\/half-track-m16\/#breadcrumb"},"inLanguage":"fr-FR","potentialAction":[{"@type":"ReadAction","target":["https:\/\/usmtwt.com\/boutique\/nouveautes\/half-track-m16\/"]}]},{"@type":"ImageObject","inLanguage":"fr-FR","@id":"https:\/\/usmtwt.com\/boutique\/nouveautes\/half-track-m16\/#primaryimage","url":"https:\/\/usmtwt.com\/wp-content\/uploads\/2025\/10\/USMTWT5987.jpg","contentUrl":"https:\/\/usmtwt.com\/wp-content\/uploads\/2025\/10\/USMTWT5987.jpg","width":420,"height":420},{"@type":"BreadcrumbList","@id":"https:\/\/usmtwt.com\/boutique\/nouveautes\/half-track-m16\/#breadcrumb","itemListElement":[{"@type":"ListItem","position":1,"name":"Accueil","item":"https:\/\/usmtwt.com\/"},{"@type":"ListItem","position":2,"name":"Products","item":"https:\/\/usmtwt.com\/en\/shop\/"},{"@type":"ListItem","position":3,"name":"HALF TRACK M16"}]},{"@type":"WebSite","@id":"https:\/\/usmtwt.com\/#website","url":"https:\/\/usmtwt.com\/","name":"","description":"","potentialAction":[{"@type":"SearchAction","target":{"@type":"EntryPoint","urlTemplate":"https:\/\/usmtwt.com\/?s={search_term_string}"},"query-input":{"@type":"PropertyValueSpecification","valueRequired":true,"valueName":"search_term_string"}}],"inLanguage":"fr-FR"}]}},"jetpack_publicize_connections":[],"jetpack_sharing_enabled":true,"_links":{"self":[{"href":"https:\/\/usmtwt.com\/fr\/wp-json\/wp\/v2\/product\/28804","targetHints":{"allow":["GET"]}}],"collection":[{"href":"https:\/\/usmtwt.com\/fr\/wp-json\/wp\/v2\/product"}],"about":[{"href":"https:\/\/usmtwt.com\/fr\/wp-json\/wp\/v2\/types\/product"}],"wp:featuredmedia":[{"embeddable":true,"href":"https:\/\/usmtwt.com\/fr\/wp-json\/wp\/v2\/media\/29115"}],"wp:attachment":[{"href":"https:\/\/usmtwt.com\/fr\/wp-json\/wp\/v2\/media?parent=28804"}],"wp:term":[{"taxonomy":"product_brand","embeddable":true,"href":"https:\/\/usmtwt.com\/fr\/wp-json\/wp\/v2\/product_brand?post=28804"},{"taxonomy":"product_cat","embeddable":true,"href":"https:\/\/usmtwt.com\/fr\/wp-json\/wp\/v2\/product_cat?post=28804"},{"taxonomy":"product_tag","embeddable":true,"href":"https:\/\/usmtwt.com\/fr\/wp-json\/wp\/v2\/product_tag?post=28804"}],"curies":[{"name":"wp","href":"https:\/\/api.w.org\/{rel}","templated":true}]}}