{"id":27609,"date":"2025-03-01T16:45:43","date_gmt":"2025-03-01T16:45:43","guid":{"rendered":"https:\/\/usmtwt.com\/?post_type=product&#038;p=27609"},"modified":"2026-04-13T21:34:32","modified_gmt":"2026-04-13T21:34:32","slug":"dodge-wc54-joint-exterieur-pare-brise-2","status":"publish","type":"product","link":"https:\/\/usmtwt.com\/fr\/boutique\/dodge-wc54-ambulance\/carrosserie-dodge-wc54-ambulance\/dodge-wc54-joint-exterieur-pare-brise-2\/","title":{"rendered":"DODGE WC53\/54 JOINT EXTERIEUR PARE BRISE"},"content":{"rendered":"<p>En une seul pi\u00e8ce.<\/p>\n<p>Convient \u00e0 tous les mod\u00e8les Dodge cabine ferm\u00e9e<\/p>\n<p>Ne convient pas au GMC.<\/p>\n<p>Production exclusive USMTWT<\/p>","protected":false},"excerpt":{"rendered":"<p>En une seul pi\u00e8ce. Convient \u00e0 tous les mod\u00e8les Dodge cabine ferm\u00e9e Ne convient pas au GMC. Production exclusive USMTWT<\/p>\n","protected":false},"featured_media":27611,"template":"","meta":{"jetpack_post_was_ever_published":false,"jetpack_publicize_message":"","jetpack_publicize_feature_enabled":true,"jetpack_social_post_already_shared":true,"jetpack_social_options":{"image_generator_settings":{"template":"highway","default_image_id":0,"font":"","enabled":false},"version":2}},"product_brand":[],"product_cat":[202],"product_tag":[],"class_list":{"0":"post-27609","1":"product","2":"type-product","3":"status-publish","4":"has-post-thumbnail","6":"product_cat-carrosserie-dodge-wc54-ambulance","8":"first","9":"instock","10":"shipping-taxable","11":"purchasable","12":"product-type-simple"},"supplier_id":null,"supplier_sku":"","barcode":null,"atum_controlled":true,"out_stock_date":null,"out_stock_threshold":null,"inheritable":false,"inbound_stock":null,"stock_on_hold":2,"sold_today":0,"sales_last_days":1,"reserved_stock":null,"customer_returns":null,"warehouse_damage":null,"lost_in_post":null,"other_logs":null,"out_stock_days":0,"lost_sales":0,"has_location":false,"update_date":"2026-04-15T00:12:54","atum_locations":[],"atum_stock_status":"instock","restock_status":false,"low_stock_amount":"","sales_update_date":"2026-04-15T00:12:54","calc_backorders":null,"yoast_head":"<!-- This site is optimized with the Yoast SEO plugin v27.4 - https:\/\/yoast.com\/product\/yoast-seo-wordpress\/ -->\n<title>DODGE WC53\/54 JOINT EXTERIEUR PARE BRISE -<\/title>\n<meta name=\"robots\" content=\"index, follow, max-snippet:-1, max-image-preview:large, max-video-preview:-1\" \/>\n<link rel=\"canonical\" href=\"https:\/\/usmtwt.com\/boutique\/dodge-wc54-ambulance\/carrosserie-dodge-wc54-ambulance\/dodge-wc54-joint-exterieur-pare-brise-2\/\" \/>\n<meta property=\"og:locale\" content=\"fr_FR\" \/>\n<meta property=\"og:type\" content=\"article\" \/>\n<meta property=\"og:title\" content=\"DODGE WC53\/54 JOINT EXTERIEUR PARE BRISE -\" \/>\n<meta property=\"og:description\" content=\"En une seul pi\u00e8ce. Convient \u00e0 tous les mod\u00e8les Dodge cabine ferm\u00e9e Ne convient pas au GMC. Production exclusive USMTWT\" \/>\n<meta property=\"og:url\" content=\"https:\/\/usmtwt.com\/boutique\/dodge-wc54-ambulance\/carrosserie-dodge-wc54-ambulance\/dodge-wc54-joint-exterieur-pare-brise-2\/\" \/>\n<meta property=\"article:modified_time\" content=\"2026-04-13T21:34:32+00:00\" \/>\n<meta property=\"og:image\" content=\"https:\/\/usmtwt.com\/wp-content\/uploads\/2025\/03\/USMTWT5357.jpg\" \/>\n\t<meta property=\"og:image:width\" content=\"1950\" \/>\n\t<meta property=\"og:image:height\" content=\"1463\" \/>\n\t<meta property=\"og:image:type\" content=\"image\/jpeg\" \/>\n<meta name=\"twitter:card\" content=\"summary_large_image\" \/>\n<meta name=\"twitter:label1\" content=\"Dur\u00e9e de lecture estim\u00e9e\" \/>\n\t<meta name=\"twitter:data1\" content=\"1 minute\" \/>\n<script type=\"application\/ld+json\" class=\"yoast-schema-graph\">{\"@context\":\"https:\\\/\\\/schema.org\",\"@graph\":[{\"@type\":\"WebPage\",\"@id\":\"https:\\\/\\\/usmtwt.com\\\/boutique\\\/dodge-wc54-ambulance\\\/carrosserie-dodge-wc54-ambulance\\\/dodge-wc54-joint-exterieur-pare-brise-2\\\/\",\"url\":\"https:\\\/\\\/usmtwt.com\\\/boutique\\\/dodge-wc54-ambulance\\\/carrosserie-dodge-wc54-ambulance\\\/dodge-wc54-joint-exterieur-pare-brise-2\\\/\",\"name\":\"DODGE WC53\\\/54 JOINT EXTERIEUR PARE BRISE -\",\"isPartOf\":{\"@id\":\"https:\\\/\\\/usmtwt.com\\\/#website\"},\"primaryImageOfPage\":{\"@id\":\"https:\\\/\\\/usmtwt.com\\\/boutique\\\/dodge-wc54-ambulance\\\/carrosserie-dodge-wc54-ambulance\\\/dodge-wc54-joint-exterieur-pare-brise-2\\\/#primaryimage\"},\"image\":{\"@id\":\"https:\\\/\\\/usmtwt.com\\\/boutique\\\/dodge-wc54-ambulance\\\/carrosserie-dodge-wc54-ambulance\\\/dodge-wc54-joint-exterieur-pare-brise-2\\\/#primaryimage\"},\"thumbnailUrl\":\"https:\\\/\\\/usmtwt.com\\\/wp-content\\\/uploads\\\/2025\\\/03\\\/USMTWT5357.jpg\",\"datePublished\":\"2025-03-01T16:45:43+00:00\",\"dateModified\":\"2026-04-13T21:34:32+00:00\",\"breadcrumb\":{\"@id\":\"https:\\\/\\\/usmtwt.com\\\/boutique\\\/dodge-wc54-ambulance\\\/carrosserie-dodge-wc54-ambulance\\\/dodge-wc54-joint-exterieur-pare-brise-2\\\/#breadcrumb\"},\"inLanguage\":\"fr-FR\",\"potentialAction\":[{\"@type\":\"ReadAction\",\"target\":[\"https:\\\/\\\/usmtwt.com\\\/boutique\\\/dodge-wc54-ambulance\\\/carrosserie-dodge-wc54-ambulance\\\/dodge-wc54-joint-exterieur-pare-brise-2\\\/\"]}]},{\"@type\":\"ImageObject\",\"inLanguage\":\"fr-FR\",\"@id\":\"https:\\\/\\\/usmtwt.com\\\/boutique\\\/dodge-wc54-ambulance\\\/carrosserie-dodge-wc54-ambulance\\\/dodge-wc54-joint-exterieur-pare-brise-2\\\/#primaryimage\",\"url\":\"https:\\\/\\\/usmtwt.com\\\/wp-content\\\/uploads\\\/2025\\\/03\\\/USMTWT5357.jpg\",\"contentUrl\":\"https:\\\/\\\/usmtwt.com\\\/wp-content\\\/uploads\\\/2025\\\/03\\\/USMTWT5357.jpg\",\"width\":1950,\"height\":1463},{\"@type\":\"BreadcrumbList\",\"@id\":\"https:\\\/\\\/usmtwt.com\\\/boutique\\\/dodge-wc54-ambulance\\\/carrosserie-dodge-wc54-ambulance\\\/dodge-wc54-joint-exterieur-pare-brise-2\\\/#breadcrumb\",\"itemListElement\":[{\"@type\":\"ListItem\",\"position\":1,\"name\":\"Accueil\",\"item\":\"https:\\\/\\\/usmtwt.com\\\/\"},{\"@type\":\"ListItem\",\"position\":2,\"name\":\"Products\",\"item\":\"https:\\\/\\\/usmtwt.com\\\/en\\\/shop\\\/\"},{\"@type\":\"ListItem\",\"position\":3,\"name\":\"[:fr]DODGE WC53\\\/54 JOINT EXTERIEUR PARE BRISE[:en]DODGE WC53\\\/54 WINDSHIELD EXTERIOR SEAL[:]\"}]},{\"@type\":\"WebSite\",\"@id\":\"https:\\\/\\\/usmtwt.com\\\/#website\",\"url\":\"https:\\\/\\\/usmtwt.com\\\/\",\"name\":\"\",\"description\":\"\",\"potentialAction\":[{\"@type\":\"SearchAction\",\"target\":{\"@type\":\"EntryPoint\",\"urlTemplate\":\"https:\\\/\\\/usmtwt.com\\\/?s={search_term_string}\"},\"query-input\":{\"@type\":\"PropertyValueSpecification\",\"valueRequired\":true,\"valueName\":\"search_term_string\"}}],\"inLanguage\":\"fr-FR\"}]}<\/script>\n<!-- \/ Yoast SEO plugin. -->","yoast_head_json":{"title":"DODGE WC53\/54 JOINT EXTERIEUR PARE BRISE -","robots":{"index":"index","follow":"follow","max-snippet":"max-snippet:-1","max-image-preview":"max-image-preview:large","max-video-preview":"max-video-preview:-1"},"canonical":"https:\/\/usmtwt.com\/boutique\/dodge-wc54-ambulance\/carrosserie-dodge-wc54-ambulance\/dodge-wc54-joint-exterieur-pare-brise-2\/","og_locale":"fr_FR","og_type":"article","og_title":"DODGE WC53\/54 JOINT EXTERIEUR PARE BRISE -","og_description":"En une seul pi\u00e8ce. Convient \u00e0 tous les mod\u00e8les Dodge cabine ferm\u00e9e Ne convient pas au GMC. Production exclusive USMTWT","og_url":"https:\/\/usmtwt.com\/boutique\/dodge-wc54-ambulance\/carrosserie-dodge-wc54-ambulance\/dodge-wc54-joint-exterieur-pare-brise-2\/","article_modified_time":"2026-04-13T21:34:32+00:00","og_image":[{"width":1950,"height":1463,"url":"https:\/\/usmtwt.com\/wp-content\/uploads\/2025\/03\/USMTWT5357.jpg","type":"image\/jpeg"}],"twitter_card":"summary_large_image","twitter_misc":{"Dur\u00e9e de lecture estim\u00e9e":"1 minute"},"schema":{"@context":"https:\/\/schema.org","@graph":[{"@type":"WebPage","@id":"https:\/\/usmtwt.com\/boutique\/dodge-wc54-ambulance\/carrosserie-dodge-wc54-ambulance\/dodge-wc54-joint-exterieur-pare-brise-2\/","url":"https:\/\/usmtwt.com\/boutique\/dodge-wc54-ambulance\/carrosserie-dodge-wc54-ambulance\/dodge-wc54-joint-exterieur-pare-brise-2\/","name":"DODGE WC53\/54 JOINT EXTERIEUR PARE BRISE -","isPartOf":{"@id":"https:\/\/usmtwt.com\/#website"},"primaryImageOfPage":{"@id":"https:\/\/usmtwt.com\/boutique\/dodge-wc54-ambulance\/carrosserie-dodge-wc54-ambulance\/dodge-wc54-joint-exterieur-pare-brise-2\/#primaryimage"},"image":{"@id":"https:\/\/usmtwt.com\/boutique\/dodge-wc54-ambulance\/carrosserie-dodge-wc54-ambulance\/dodge-wc54-joint-exterieur-pare-brise-2\/#primaryimage"},"thumbnailUrl":"https:\/\/usmtwt.com\/wp-content\/uploads\/2025\/03\/USMTWT5357.jpg","datePublished":"2025-03-01T16:45:43+00:00","dateModified":"2026-04-13T21:34:32+00:00","breadcrumb":{"@id":"https:\/\/usmtwt.com\/boutique\/dodge-wc54-ambulance\/carrosserie-dodge-wc54-ambulance\/dodge-wc54-joint-exterieur-pare-brise-2\/#breadcrumb"},"inLanguage":"fr-FR","potentialAction":[{"@type":"ReadAction","target":["https:\/\/usmtwt.com\/boutique\/dodge-wc54-ambulance\/carrosserie-dodge-wc54-ambulance\/dodge-wc54-joint-exterieur-pare-brise-2\/"]}]},{"@type":"ImageObject","inLanguage":"fr-FR","@id":"https:\/\/usmtwt.com\/boutique\/dodge-wc54-ambulance\/carrosserie-dodge-wc54-ambulance\/dodge-wc54-joint-exterieur-pare-brise-2\/#primaryimage","url":"https:\/\/usmtwt.com\/wp-content\/uploads\/2025\/03\/USMTWT5357.jpg","contentUrl":"https:\/\/usmtwt.com\/wp-content\/uploads\/2025\/03\/USMTWT5357.jpg","width":1950,"height":1463},{"@type":"BreadcrumbList","@id":"https:\/\/usmtwt.com\/boutique\/dodge-wc54-ambulance\/carrosserie-dodge-wc54-ambulance\/dodge-wc54-joint-exterieur-pare-brise-2\/#breadcrumb","itemListElement":[{"@type":"ListItem","position":1,"name":"Accueil","item":"https:\/\/usmtwt.com\/"},{"@type":"ListItem","position":2,"name":"Products","item":"https:\/\/usmtwt.com\/en\/shop\/"},{"@type":"ListItem","position":3,"name":"[:fr]DODGE WC53\/54 JOINT EXTERIEUR PARE BRISE[:en]DODGE WC53\/54 WINDSHIELD EXTERIOR SEAL[:]"}]},{"@type":"WebSite","@id":"https:\/\/usmtwt.com\/#website","url":"https:\/\/usmtwt.com\/","name":"","description":"","potentialAction":[{"@type":"SearchAction","target":{"@type":"EntryPoint","urlTemplate":"https:\/\/usmtwt.com\/?s={search_term_string}"},"query-input":{"@type":"PropertyValueSpecification","valueRequired":true,"valueName":"search_term_string"}}],"inLanguage":"fr-FR"}]}},"jetpack_publicize_connections":[],"jetpack_sharing_enabled":true,"_links":{"self":[{"href":"https:\/\/usmtwt.com\/fr\/wp-json\/wp\/v2\/product\/27609","targetHints":{"allow":["GET"]}}],"collection":[{"href":"https:\/\/usmtwt.com\/fr\/wp-json\/wp\/v2\/product"}],"about":[{"href":"https:\/\/usmtwt.com\/fr\/wp-json\/wp\/v2\/types\/product"}],"wp:featuredmedia":[{"embeddable":true,"href":"https:\/\/usmtwt.com\/fr\/wp-json\/wp\/v2\/media\/27611"}],"wp:attachment":[{"href":"https:\/\/usmtwt.com\/fr\/wp-json\/wp\/v2\/media?parent=27609"}],"wp:term":[{"taxonomy":"product_brand","embeddable":true,"href":"https:\/\/usmtwt.com\/fr\/wp-json\/wp\/v2\/product_brand?post=27609"},{"taxonomy":"product_cat","embeddable":true,"href":"https:\/\/usmtwt.com\/fr\/wp-json\/wp\/v2\/product_cat?post=27609"},{"taxonomy":"product_tag","embeddable":true,"href":"https:\/\/usmtwt.com\/fr\/wp-json\/wp\/v2\/product_tag?post=27609"}],"curies":[{"name":"wp","href":"https:\/\/api.w.org\/{rel}","templated":true}]}}