{"id":25621,"date":"2024-04-12T14:38:44","date_gmt":"2024-04-12T14:38:44","guid":{"rendered":"https:\/\/usmtwt.com\/?post_type=product&#038;p=25621"},"modified":"2025-06-11T14:15:25","modified_gmt":"2025-06-11T14:15:25","slug":"attele-de-jambe-modele-army","status":"publish","type":"product","link":"https:\/\/usmtwt.com\/fr\/boutique\/dodge-wc54-ambulance\/interieur\/attele-de-jambe-modele-army\/","title":{"rendered":"Attelle de jambe, mod\u00e9le Army"},"content":{"rendered":"<p>Reproduction de l\u2019attelle de jambe utilis\u00e9e par l&rsquo;arm\u00e9e am\u00e9ricaine, elle \u00e9quipe le dodge WC54 Ambulance. \u00ab\u00a0Voir livre Dodge WC54 Connaissance et restauration\u00a0\u00bb<\/p>\n<p>&#8211; Enti\u00e8rement fabriqu\u00e9 en France par nos soins.<\/p>\n<p>&#8211; Cuir cousu main.<\/p>\n<p>&#8211; Reproduction de la boucle identique \u00e0 l&rsquo;origine.<\/p>\n<p>&#8211; Couleurs et textures de cuir peuvent diff\u00e9rer seulement l&rsquo;attelle<\/p>\n<p><span style=\"color: #ff0000;\">ATTENTION : Ne peut pas \u00eatre envoy\u00e9 en Mondial relay<\/span><\/p>","protected":false},"excerpt":{"rendered":"<p>Reproduction de l\u2019attelle de jambe utilis\u00e9e par l&rsquo;arm\u00e9e am\u00e9ricaine, elle \u00e9quipe le dodge WC54 Ambulance. \u00ab\u00a0Voir livre Dodge WC54 Connaissance et restauration\u00a0\u00bb [&hellip;]<\/p>\n","protected":false},"featured_media":25619,"template":"","meta":{"jetpack_post_was_ever_published":false,"jetpack_publicize_message":"","jetpack_publicize_feature_enabled":true,"jetpack_social_post_already_shared":true,"jetpack_social_options":{"image_generator_settings":{"template":"highway","default_image_id":0,"font":"","enabled":false},"version":2}},"product_brand":[],"product_cat":[203,204,201],"product_tag":[],"class_list":{"0":"post-25621","1":"product","2":"type-product","3":"status-publish","4":"has-post-thumbnail","6":"product_cat-autres-elements","7":"product_cat-equipement","8":"product_cat-interieur","10":"first","11":"instock","12":"shipping-taxable","13":"purchasable","14":"product-type-simple"},"supplier_id":null,"supplier_sku":"","barcode":null,"atum_controlled":true,"out_stock_date":null,"out_stock_threshold":null,"inheritable":false,"inbound_stock":null,"stock_on_hold":0,"sold_today":0,"sales_last_days":0,"reserved_stock":null,"customer_returns":null,"warehouse_damage":null,"lost_in_post":null,"other_logs":null,"out_stock_days":0,"lost_sales":0,"has_location":false,"update_date":"2026-05-05T00:23:28","atum_locations":[],"atum_stock_status":"instock","restock_status":false,"low_stock_amount":"","sales_update_date":"2026-05-05T00:23:28","calc_backorders":null,"yoast_head":"<!-- This site is optimized with the Yoast SEO plugin v27.5 - https:\/\/yoast.com\/product\/yoast-seo-wordpress\/ -->\n<title>Attelle de jambe, mod\u00e9le Army -<\/title>\n<meta name=\"robots\" content=\"index, follow, max-snippet:-1, max-image-preview:large, max-video-preview:-1\" \/>\n<link rel=\"canonical\" href=\"https:\/\/usmtwt.com\/boutique\/dodge-wc54-ambulance\/interieur\/attele-de-jambe-modele-army\/\" \/>\n<meta property=\"og:locale\" content=\"fr_FR\" \/>\n<meta property=\"og:type\" content=\"article\" \/>\n<meta property=\"og:title\" content=\"Attelle de jambe, mod\u00e9le Army -\" \/>\n<meta property=\"og:description\" content=\"Reproduction de l\u2019attelle de jambe utilis\u00e9e par l&rsquo;arm\u00e9e am\u00e9ricaine, elle \u00e9quipe le dodge WC54 Ambulance. \u00ab\u00a0Voir livre Dodge WC54 Connaissance et restauration\u00a0\u00bb [&hellip;]\" \/>\n<meta property=\"og:url\" content=\"https:\/\/usmtwt.com\/boutique\/dodge-wc54-ambulance\/interieur\/attele-de-jambe-modele-army\/\" \/>\n<meta property=\"article:modified_time\" content=\"2025-06-11T14:15:25+00:00\" \/>\n<meta property=\"og:image\" content=\"https:\/\/usmtwt.com\/wp-content\/uploads\/2024\/04\/USMTWT4240.jpg\" \/>\n\t<meta property=\"og:image:width\" content=\"1950\" \/>\n\t<meta property=\"og:image:height\" content=\"1462\" \/>\n\t<meta property=\"og:image:type\" content=\"image\/jpeg\" \/>\n<meta name=\"twitter:card\" content=\"summary_large_image\" \/>\n<meta name=\"twitter:label1\" content=\"Dur\u00e9e de lecture estim\u00e9e\" \/>\n\t<meta name=\"twitter:data1\" content=\"1 minute\" \/>\n<script type=\"application\/ld+json\" class=\"yoast-schema-graph\">{\"@context\":\"https:\\\/\\\/schema.org\",\"@graph\":[{\"@type\":\"WebPage\",\"@id\":\"https:\\\/\\\/usmtwt.com\\\/boutique\\\/dodge-wc54-ambulance\\\/interieur\\\/attele-de-jambe-modele-army\\\/\",\"url\":\"https:\\\/\\\/usmtwt.com\\\/boutique\\\/dodge-wc54-ambulance\\\/interieur\\\/attele-de-jambe-modele-army\\\/\",\"name\":\"Attelle de jambe, mod\u00e9le Army -\",\"isPartOf\":{\"@id\":\"https:\\\/\\\/usmtwt.com\\\/#website\"},\"primaryImageOfPage\":{\"@id\":\"https:\\\/\\\/usmtwt.com\\\/boutique\\\/dodge-wc54-ambulance\\\/interieur\\\/attele-de-jambe-modele-army\\\/#primaryimage\"},\"image\":{\"@id\":\"https:\\\/\\\/usmtwt.com\\\/boutique\\\/dodge-wc54-ambulance\\\/interieur\\\/attele-de-jambe-modele-army\\\/#primaryimage\"},\"thumbnailUrl\":\"https:\\\/\\\/usmtwt.com\\\/wp-content\\\/uploads\\\/2024\\\/04\\\/USMTWT4240.jpg\",\"datePublished\":\"2024-04-12T14:38:44+00:00\",\"dateModified\":\"2025-06-11T14:15:25+00:00\",\"breadcrumb\":{\"@id\":\"https:\\\/\\\/usmtwt.com\\\/boutique\\\/dodge-wc54-ambulance\\\/interieur\\\/attele-de-jambe-modele-army\\\/#breadcrumb\"},\"inLanguage\":\"fr-FR\",\"potentialAction\":[{\"@type\":\"ReadAction\",\"target\":[\"https:\\\/\\\/usmtwt.com\\\/boutique\\\/dodge-wc54-ambulance\\\/interieur\\\/attele-de-jambe-modele-army\\\/\"]}]},{\"@type\":\"ImageObject\",\"inLanguage\":\"fr-FR\",\"@id\":\"https:\\\/\\\/usmtwt.com\\\/boutique\\\/dodge-wc54-ambulance\\\/interieur\\\/attele-de-jambe-modele-army\\\/#primaryimage\",\"url\":\"https:\\\/\\\/usmtwt.com\\\/wp-content\\\/uploads\\\/2024\\\/04\\\/USMTWT4240.jpg\",\"contentUrl\":\"https:\\\/\\\/usmtwt.com\\\/wp-content\\\/uploads\\\/2024\\\/04\\\/USMTWT4240.jpg\",\"width\":1950,\"height\":1462},{\"@type\":\"BreadcrumbList\",\"@id\":\"https:\\\/\\\/usmtwt.com\\\/boutique\\\/dodge-wc54-ambulance\\\/interieur\\\/attele-de-jambe-modele-army\\\/#breadcrumb\",\"itemListElement\":[{\"@type\":\"ListItem\",\"position\":1,\"name\":\"Accueil\",\"item\":\"https:\\\/\\\/usmtwt.com\\\/\"},{\"@type\":\"ListItem\",\"position\":2,\"name\":\"Products\",\"item\":\"https:\\\/\\\/usmtwt.com\\\/en\\\/shop\\\/\"},{\"@type\":\"ListItem\",\"position\":3,\"name\":\"[:fr]Attelle de jambe, mod\u00e9le Army[:en]Splint, Army, Leg, Half-Ring[:]\"}]},{\"@type\":\"WebSite\",\"@id\":\"https:\\\/\\\/usmtwt.com\\\/#website\",\"url\":\"https:\\\/\\\/usmtwt.com\\\/\",\"name\":\"\",\"description\":\"\",\"potentialAction\":[{\"@type\":\"SearchAction\",\"target\":{\"@type\":\"EntryPoint\",\"urlTemplate\":\"https:\\\/\\\/usmtwt.com\\\/?s={search_term_string}\"},\"query-input\":{\"@type\":\"PropertyValueSpecification\",\"valueRequired\":true,\"valueName\":\"search_term_string\"}}],\"inLanguage\":\"fr-FR\"}]}<\/script>\n<!-- \/ Yoast SEO plugin. -->","yoast_head_json":{"title":"Attelle de jambe, mod\u00e9le Army -","robots":{"index":"index","follow":"follow","max-snippet":"max-snippet:-1","max-image-preview":"max-image-preview:large","max-video-preview":"max-video-preview:-1"},"canonical":"https:\/\/usmtwt.com\/boutique\/dodge-wc54-ambulance\/interieur\/attele-de-jambe-modele-army\/","og_locale":"fr_FR","og_type":"article","og_title":"Attelle de jambe, mod\u00e9le Army -","og_description":"Reproduction de l\u2019attelle de jambe utilis\u00e9e par l&rsquo;arm\u00e9e am\u00e9ricaine, elle \u00e9quipe le dodge WC54 Ambulance. \u00ab\u00a0Voir livre Dodge WC54 Connaissance et restauration\u00a0\u00bb [&hellip;]","og_url":"https:\/\/usmtwt.com\/boutique\/dodge-wc54-ambulance\/interieur\/attele-de-jambe-modele-army\/","article_modified_time":"2025-06-11T14:15:25+00:00","og_image":[{"width":1950,"height":1462,"url":"https:\/\/usmtwt.com\/wp-content\/uploads\/2024\/04\/USMTWT4240.jpg","type":"image\/jpeg"}],"twitter_card":"summary_large_image","twitter_misc":{"Dur\u00e9e de lecture estim\u00e9e":"1 minute"},"schema":{"@context":"https:\/\/schema.org","@graph":[{"@type":"WebPage","@id":"https:\/\/usmtwt.com\/boutique\/dodge-wc54-ambulance\/interieur\/attele-de-jambe-modele-army\/","url":"https:\/\/usmtwt.com\/boutique\/dodge-wc54-ambulance\/interieur\/attele-de-jambe-modele-army\/","name":"Attelle de jambe, mod\u00e9le Army -","isPartOf":{"@id":"https:\/\/usmtwt.com\/#website"},"primaryImageOfPage":{"@id":"https:\/\/usmtwt.com\/boutique\/dodge-wc54-ambulance\/interieur\/attele-de-jambe-modele-army\/#primaryimage"},"image":{"@id":"https:\/\/usmtwt.com\/boutique\/dodge-wc54-ambulance\/interieur\/attele-de-jambe-modele-army\/#primaryimage"},"thumbnailUrl":"https:\/\/usmtwt.com\/wp-content\/uploads\/2024\/04\/USMTWT4240.jpg","datePublished":"2024-04-12T14:38:44+00:00","dateModified":"2025-06-11T14:15:25+00:00","breadcrumb":{"@id":"https:\/\/usmtwt.com\/boutique\/dodge-wc54-ambulance\/interieur\/attele-de-jambe-modele-army\/#breadcrumb"},"inLanguage":"fr-FR","potentialAction":[{"@type":"ReadAction","target":["https:\/\/usmtwt.com\/boutique\/dodge-wc54-ambulance\/interieur\/attele-de-jambe-modele-army\/"]}]},{"@type":"ImageObject","inLanguage":"fr-FR","@id":"https:\/\/usmtwt.com\/boutique\/dodge-wc54-ambulance\/interieur\/attele-de-jambe-modele-army\/#primaryimage","url":"https:\/\/usmtwt.com\/wp-content\/uploads\/2024\/04\/USMTWT4240.jpg","contentUrl":"https:\/\/usmtwt.com\/wp-content\/uploads\/2024\/04\/USMTWT4240.jpg","width":1950,"height":1462},{"@type":"BreadcrumbList","@id":"https:\/\/usmtwt.com\/boutique\/dodge-wc54-ambulance\/interieur\/attele-de-jambe-modele-army\/#breadcrumb","itemListElement":[{"@type":"ListItem","position":1,"name":"Accueil","item":"https:\/\/usmtwt.com\/"},{"@type":"ListItem","position":2,"name":"Products","item":"https:\/\/usmtwt.com\/en\/shop\/"},{"@type":"ListItem","position":3,"name":"[:fr]Attelle de jambe, mod\u00e9le Army[:en]Splint, Army, Leg, Half-Ring[:]"}]},{"@type":"WebSite","@id":"https:\/\/usmtwt.com\/#website","url":"https:\/\/usmtwt.com\/","name":"","description":"","potentialAction":[{"@type":"SearchAction","target":{"@type":"EntryPoint","urlTemplate":"https:\/\/usmtwt.com\/?s={search_term_string}"},"query-input":{"@type":"PropertyValueSpecification","valueRequired":true,"valueName":"search_term_string"}}],"inLanguage":"fr-FR"}]}},"jetpack_publicize_connections":[],"jetpack_sharing_enabled":true,"_links":{"self":[{"href":"https:\/\/usmtwt.com\/fr\/wp-json\/wp\/v2\/product\/25621","targetHints":{"allow":["GET"]}}],"collection":[{"href":"https:\/\/usmtwt.com\/fr\/wp-json\/wp\/v2\/product"}],"about":[{"href":"https:\/\/usmtwt.com\/fr\/wp-json\/wp\/v2\/types\/product"}],"wp:featuredmedia":[{"embeddable":true,"href":"https:\/\/usmtwt.com\/fr\/wp-json\/wp\/v2\/media\/25619"}],"wp:attachment":[{"href":"https:\/\/usmtwt.com\/fr\/wp-json\/wp\/v2\/media?parent=25621"}],"wp:term":[{"taxonomy":"product_brand","embeddable":true,"href":"https:\/\/usmtwt.com\/fr\/wp-json\/wp\/v2\/product_brand?post=25621"},{"taxonomy":"product_cat","embeddable":true,"href":"https:\/\/usmtwt.com\/fr\/wp-json\/wp\/v2\/product_cat?post=25621"},{"taxonomy":"product_tag","embeddable":true,"href":"https:\/\/usmtwt.com\/fr\/wp-json\/wp\/v2\/product_tag?post=25621"}],"curies":[{"name":"wp","href":"https:\/\/api.w.org\/{rel}","templated":true}]}}