{"id":25415,"date":"2024-02-16T15:20:58","date_gmt":"2024-02-16T15:20:58","guid":{"rendered":"https:\/\/usmtwt.com\/?post_type=product&#038;p=25415"},"modified":"2026-04-19T14:10:35","modified_gmt":"2026-04-19T14:10:35","slug":"wc54-durite-alimentation-chauffage","status":"publish","type":"product","link":"https:\/\/usmtwt.com\/fr\/boutique\/dodge-wc54-ambulance\/chauffage-soufflerie-extraction\/wc54-durite-alimentation-chauffage\/","title":{"rendered":"WC54 Durite alimentation chauffage"},"content":{"rendered":"<p>Une Production Exclusive USMTWT<\/p>\n<p>Durite d&rsquo;alimentation partant du robinet de culasse vers le chauffage.<\/p>\n<p>&#8211; \u00c9tudi\u00e9 et adapt\u00e9 pour prendre place dans le WC54 comme \u00e0 l&rsquo;origine.<\/p>\n<p>&#8211; Durite haute r\u00e9sistance en silicone.<\/p>\n<p>&#8211; R\u00e9siste \u00e0 une temp\u00e9rature de 230\u00b0C.<\/p>\n<p>&#8211; Dur\u00e9e de vie sup\u00e9rieur au caoutchouc.<\/p>\n<p>&#8211; Le <a href=\"https:\/\/usmtwt.com\/boutique\/dodge-wc54-ambulance\/autres-elements\/collier-tuyau-chauffage-sur-carburateur-wc54\/\">Collier<\/a> de fixation pour carburateur solex est disponible sur notre site.<\/p>\n<p>&#8211; Finition noir mat.<\/p>\n<p>&nbsp;<\/p>\n<p>&nbsp;<\/p>","protected":false},"excerpt":{"rendered":"<p>Une Production Exclusive USMTWT Durite d&rsquo;alimentation partant du robinet de culasse vers le chauffage. &#8211; \u00c9tudi\u00e9 et adapt\u00e9 pour prendre place dans [&hellip;]<\/p>\n","protected":false},"featured_media":28659,"template":"","meta":{"jetpack_post_was_ever_published":false,"jetpack_publicize_message":"","jetpack_publicize_feature_enabled":true,"jetpack_social_post_already_shared":true,"jetpack_social_options":{"image_generator_settings":{"template":"highway","default_image_id":0,"font":"","enabled":false},"version":2}},"product_brand":[],"product_cat":[228],"product_tag":[],"class_list":{"0":"post-25415","1":"product","2":"type-product","3":"status-publish","4":"has-post-thumbnail","6":"product_cat-chauffage-soufflerie-extraction","8":"first","9":"instock","10":"shipping-taxable","11":"purchasable","12":"product-type-simple"},"supplier_id":null,"supplier_sku":"","barcode":null,"atum_controlled":true,"out_stock_date":null,"out_stock_threshold":null,"inheritable":false,"inbound_stock":null,"stock_on_hold":1,"sold_today":0,"sales_last_days":1,"reserved_stock":null,"customer_returns":null,"warehouse_damage":null,"lost_in_post":null,"other_logs":null,"out_stock_days":0,"lost_sales":0,"has_location":false,"update_date":"2026-04-23T00:16:59","atum_locations":[],"atum_stock_status":"instock","restock_status":false,"low_stock_amount":"","sales_update_date":"2026-04-23T00:16:59","calc_backorders":null,"yoast_head":"<!-- This site is optimized with the Yoast SEO plugin v27.4 - https:\/\/yoast.com\/product\/yoast-seo-wordpress\/ -->\n<title>WC54 Durite alimentation chauffage -<\/title>\n<meta name=\"robots\" content=\"index, follow, max-snippet:-1, max-image-preview:large, max-video-preview:-1\" \/>\n<link rel=\"canonical\" href=\"https:\/\/usmtwt.com\/boutique\/dodge-wc54-ambulance\/chauffage-soufflerie-extraction\/wc54-durite-alimentation-chauffage\/\" \/>\n<meta property=\"og:locale\" content=\"fr_FR\" \/>\n<meta property=\"og:type\" content=\"article\" \/>\n<meta property=\"og:title\" content=\"WC54 Durite alimentation chauffage -\" \/>\n<meta property=\"og:description\" content=\"Une Production Exclusive USMTWT Durite d&rsquo;alimentation partant du robinet de culasse vers le chauffage. &#8211; \u00c9tudi\u00e9 et adapt\u00e9 pour prendre place dans [&hellip;]\" \/>\n<meta property=\"og:url\" content=\"https:\/\/usmtwt.com\/boutique\/dodge-wc54-ambulance\/chauffage-soufflerie-extraction\/wc54-durite-alimentation-chauffage\/\" \/>\n<meta property=\"article:modified_time\" content=\"2026-04-19T14:10:35+00:00\" \/>\n<meta property=\"og:image\" content=\"https:\/\/usmtwt.com\/wp-content\/uploads\/2024\/02\/USMTWT4170.jpg\" \/>\n\t<meta property=\"og:image:width\" content=\"960\" \/>\n\t<meta property=\"og:image:height\" content=\"1280\" \/>\n\t<meta property=\"og:image:type\" content=\"image\/jpeg\" \/>\n<meta name=\"twitter:card\" content=\"summary_large_image\" \/>\n<meta name=\"twitter:label1\" content=\"Dur\u00e9e de lecture estim\u00e9e\" \/>\n\t<meta name=\"twitter:data1\" content=\"1 minute\" \/>\n<script type=\"application\/ld+json\" class=\"yoast-schema-graph\">{\"@context\":\"https:\\\/\\\/schema.org\",\"@graph\":[{\"@type\":\"WebPage\",\"@id\":\"https:\\\/\\\/usmtwt.com\\\/boutique\\\/dodge-wc54-ambulance\\\/chauffage-soufflerie-extraction\\\/wc54-durite-alimentation-chauffage\\\/\",\"url\":\"https:\\\/\\\/usmtwt.com\\\/boutique\\\/dodge-wc54-ambulance\\\/chauffage-soufflerie-extraction\\\/wc54-durite-alimentation-chauffage\\\/\",\"name\":\"WC54 Durite alimentation chauffage -\",\"isPartOf\":{\"@id\":\"https:\\\/\\\/usmtwt.com\\\/#website\"},\"primaryImageOfPage\":{\"@id\":\"https:\\\/\\\/usmtwt.com\\\/boutique\\\/dodge-wc54-ambulance\\\/chauffage-soufflerie-extraction\\\/wc54-durite-alimentation-chauffage\\\/#primaryimage\"},\"image\":{\"@id\":\"https:\\\/\\\/usmtwt.com\\\/boutique\\\/dodge-wc54-ambulance\\\/chauffage-soufflerie-extraction\\\/wc54-durite-alimentation-chauffage\\\/#primaryimage\"},\"thumbnailUrl\":\"https:\\\/\\\/usmtwt.com\\\/wp-content\\\/uploads\\\/2024\\\/02\\\/USMTWT4170.jpg\",\"datePublished\":\"2024-02-16T15:20:58+00:00\",\"dateModified\":\"2026-04-19T14:10:35+00:00\",\"breadcrumb\":{\"@id\":\"https:\\\/\\\/usmtwt.com\\\/boutique\\\/dodge-wc54-ambulance\\\/chauffage-soufflerie-extraction\\\/wc54-durite-alimentation-chauffage\\\/#breadcrumb\"},\"inLanguage\":\"fr-FR\",\"potentialAction\":[{\"@type\":\"ReadAction\",\"target\":[\"https:\\\/\\\/usmtwt.com\\\/boutique\\\/dodge-wc54-ambulance\\\/chauffage-soufflerie-extraction\\\/wc54-durite-alimentation-chauffage\\\/\"]}]},{\"@type\":\"ImageObject\",\"inLanguage\":\"fr-FR\",\"@id\":\"https:\\\/\\\/usmtwt.com\\\/boutique\\\/dodge-wc54-ambulance\\\/chauffage-soufflerie-extraction\\\/wc54-durite-alimentation-chauffage\\\/#primaryimage\",\"url\":\"https:\\\/\\\/usmtwt.com\\\/wp-content\\\/uploads\\\/2024\\\/02\\\/USMTWT4170.jpg\",\"contentUrl\":\"https:\\\/\\\/usmtwt.com\\\/wp-content\\\/uploads\\\/2024\\\/02\\\/USMTWT4170.jpg\",\"width\":960,\"height\":1280},{\"@type\":\"BreadcrumbList\",\"@id\":\"https:\\\/\\\/usmtwt.com\\\/boutique\\\/dodge-wc54-ambulance\\\/chauffage-soufflerie-extraction\\\/wc54-durite-alimentation-chauffage\\\/#breadcrumb\",\"itemListElement\":[{\"@type\":\"ListItem\",\"position\":1,\"name\":\"Accueil\",\"item\":\"https:\\\/\\\/usmtwt.com\\\/\"},{\"@type\":\"ListItem\",\"position\":2,\"name\":\"Products\",\"item\":\"https:\\\/\\\/usmtwt.com\\\/en\\\/shop\\\/\"},{\"@type\":\"ListItem\",\"position\":3,\"name\":\"WC54 Durite alimentation chauffage\"}]},{\"@type\":\"WebSite\",\"@id\":\"https:\\\/\\\/usmtwt.com\\\/#website\",\"url\":\"https:\\\/\\\/usmtwt.com\\\/\",\"name\":\"\",\"description\":\"\",\"potentialAction\":[{\"@type\":\"SearchAction\",\"target\":{\"@type\":\"EntryPoint\",\"urlTemplate\":\"https:\\\/\\\/usmtwt.com\\\/?s={search_term_string}\"},\"query-input\":{\"@type\":\"PropertyValueSpecification\",\"valueRequired\":true,\"valueName\":\"search_term_string\"}}],\"inLanguage\":\"fr-FR\"}]}<\/script>\n<!-- \/ Yoast SEO plugin. -->","yoast_head_json":{"title":"WC54 Durite alimentation chauffage -","robots":{"index":"index","follow":"follow","max-snippet":"max-snippet:-1","max-image-preview":"max-image-preview:large","max-video-preview":"max-video-preview:-1"},"canonical":"https:\/\/usmtwt.com\/boutique\/dodge-wc54-ambulance\/chauffage-soufflerie-extraction\/wc54-durite-alimentation-chauffage\/","og_locale":"fr_FR","og_type":"article","og_title":"WC54 Durite alimentation chauffage -","og_description":"Une Production Exclusive USMTWT Durite d&rsquo;alimentation partant du robinet de culasse vers le chauffage. &#8211; \u00c9tudi\u00e9 et adapt\u00e9 pour prendre place dans [&hellip;]","og_url":"https:\/\/usmtwt.com\/boutique\/dodge-wc54-ambulance\/chauffage-soufflerie-extraction\/wc54-durite-alimentation-chauffage\/","article_modified_time":"2026-04-19T14:10:35+00:00","og_image":[{"width":960,"height":1280,"url":"https:\/\/usmtwt.com\/wp-content\/uploads\/2024\/02\/USMTWT4170.jpg","type":"image\/jpeg"}],"twitter_card":"summary_large_image","twitter_misc":{"Dur\u00e9e de lecture estim\u00e9e":"1 minute"},"schema":{"@context":"https:\/\/schema.org","@graph":[{"@type":"WebPage","@id":"https:\/\/usmtwt.com\/boutique\/dodge-wc54-ambulance\/chauffage-soufflerie-extraction\/wc54-durite-alimentation-chauffage\/","url":"https:\/\/usmtwt.com\/boutique\/dodge-wc54-ambulance\/chauffage-soufflerie-extraction\/wc54-durite-alimentation-chauffage\/","name":"WC54 Durite alimentation chauffage -","isPartOf":{"@id":"https:\/\/usmtwt.com\/#website"},"primaryImageOfPage":{"@id":"https:\/\/usmtwt.com\/boutique\/dodge-wc54-ambulance\/chauffage-soufflerie-extraction\/wc54-durite-alimentation-chauffage\/#primaryimage"},"image":{"@id":"https:\/\/usmtwt.com\/boutique\/dodge-wc54-ambulance\/chauffage-soufflerie-extraction\/wc54-durite-alimentation-chauffage\/#primaryimage"},"thumbnailUrl":"https:\/\/usmtwt.com\/wp-content\/uploads\/2024\/02\/USMTWT4170.jpg","datePublished":"2024-02-16T15:20:58+00:00","dateModified":"2026-04-19T14:10:35+00:00","breadcrumb":{"@id":"https:\/\/usmtwt.com\/boutique\/dodge-wc54-ambulance\/chauffage-soufflerie-extraction\/wc54-durite-alimentation-chauffage\/#breadcrumb"},"inLanguage":"fr-FR","potentialAction":[{"@type":"ReadAction","target":["https:\/\/usmtwt.com\/boutique\/dodge-wc54-ambulance\/chauffage-soufflerie-extraction\/wc54-durite-alimentation-chauffage\/"]}]},{"@type":"ImageObject","inLanguage":"fr-FR","@id":"https:\/\/usmtwt.com\/boutique\/dodge-wc54-ambulance\/chauffage-soufflerie-extraction\/wc54-durite-alimentation-chauffage\/#primaryimage","url":"https:\/\/usmtwt.com\/wp-content\/uploads\/2024\/02\/USMTWT4170.jpg","contentUrl":"https:\/\/usmtwt.com\/wp-content\/uploads\/2024\/02\/USMTWT4170.jpg","width":960,"height":1280},{"@type":"BreadcrumbList","@id":"https:\/\/usmtwt.com\/boutique\/dodge-wc54-ambulance\/chauffage-soufflerie-extraction\/wc54-durite-alimentation-chauffage\/#breadcrumb","itemListElement":[{"@type":"ListItem","position":1,"name":"Accueil","item":"https:\/\/usmtwt.com\/"},{"@type":"ListItem","position":2,"name":"Products","item":"https:\/\/usmtwt.com\/en\/shop\/"},{"@type":"ListItem","position":3,"name":"WC54 Durite alimentation chauffage"}]},{"@type":"WebSite","@id":"https:\/\/usmtwt.com\/#website","url":"https:\/\/usmtwt.com\/","name":"","description":"","potentialAction":[{"@type":"SearchAction","target":{"@type":"EntryPoint","urlTemplate":"https:\/\/usmtwt.com\/?s={search_term_string}"},"query-input":{"@type":"PropertyValueSpecification","valueRequired":true,"valueName":"search_term_string"}}],"inLanguage":"fr-FR"}]}},"jetpack_publicize_connections":[],"jetpack_sharing_enabled":true,"_links":{"self":[{"href":"https:\/\/usmtwt.com\/fr\/wp-json\/wp\/v2\/product\/25415","targetHints":{"allow":["GET"]}}],"collection":[{"href":"https:\/\/usmtwt.com\/fr\/wp-json\/wp\/v2\/product"}],"about":[{"href":"https:\/\/usmtwt.com\/fr\/wp-json\/wp\/v2\/types\/product"}],"wp:featuredmedia":[{"embeddable":true,"href":"https:\/\/usmtwt.com\/fr\/wp-json\/wp\/v2\/media\/28659"}],"wp:attachment":[{"href":"https:\/\/usmtwt.com\/fr\/wp-json\/wp\/v2\/media?parent=25415"}],"wp:term":[{"taxonomy":"product_brand","embeddable":true,"href":"https:\/\/usmtwt.com\/fr\/wp-json\/wp\/v2\/product_brand?post=25415"},{"taxonomy":"product_cat","embeddable":true,"href":"https:\/\/usmtwt.com\/fr\/wp-json\/wp\/v2\/product_cat?post=25415"},{"taxonomy":"product_tag","embeddable":true,"href":"https:\/\/usmtwt.com\/fr\/wp-json\/wp\/v2\/product_tag?post=25415"}],"curies":[{"name":"wp","href":"https:\/\/api.w.org\/{rel}","templated":true}]}}