{"id":24518,"date":"2023-03-10T16:23:51","date_gmt":"2023-03-10T16:23:51","guid":{"rendered":"https:\/\/usmtwt.com\/?post_type=product&#038;p=24518"},"modified":"2025-10-28T17:09:55","modified_gmt":"2025-10-28T17:09:55","slug":"wc54-moteur-soufflant-degivrage-pare-brise","status":"publish","type":"product","link":"https:\/\/usmtwt.com\/fr\/boutique\/dodge-wc54-ambulance\/electricite-dodge-wc54-ambulance\/wc54-moteur-soufflant-degivrage-pare-brise\/","title":{"rendered":"WC54 Moteur soufflant d\u00e9givrage pare brise"},"content":{"rendered":"<p><span style=\"font-size: 10pt;\">Moteur et rondelles NOS<\/span><\/p>\n<p><span style=\"font-size: 10pt;\">Certaines caract\u00e9ristiques diff\u00e8rent du mod\u00e8le original, mais respectent la fonctionnalit\u00e9 et l&rsquo;apparence du mod\u00e8le original.<\/span><\/p>","protected":false},"excerpt":{"rendered":"<p>Moteur et rondelles NOS Certaines caract\u00e9ristiques diff\u00e8rent du mod\u00e8le original, mais respectent la fonctionnalit\u00e9 et l&rsquo;apparence du mod\u00e8le original.<\/p>\n","protected":false},"featured_media":24522,"template":"","meta":{"jetpack_post_was_ever_published":false,"jetpack_publicize_message":"","jetpack_publicize_feature_enabled":true,"jetpack_social_post_already_shared":true,"jetpack_social_options":{"image_generator_settings":{"template":"highway","default_image_id":0,"font":"","enabled":false},"version":2}},"product_brand":[],"product_cat":[228,226],"product_tag":[],"class_list":{"0":"post-24518","1":"product","2":"type-product","3":"status-publish","4":"has-post-thumbnail","6":"product_cat-chauffage-soufflerie-extraction","7":"product_cat-electricite-dodge-wc54-ambulance","9":"first","10":"instock","11":"shipping-taxable","12":"purchasable","13":"product-type-simple"},"supplier_id":null,"supplier_sku":"","barcode":null,"atum_controlled":true,"out_stock_date":null,"out_stock_threshold":null,"inheritable":false,"inbound_stock":null,"stock_on_hold":0,"sold_today":0,"sales_last_days":0,"reserved_stock":null,"customer_returns":null,"warehouse_damage":null,"lost_in_post":null,"other_logs":null,"out_stock_days":0,"lost_sales":0,"has_location":false,"update_date":"2026-04-21T00:16:18","atum_locations":[],"atum_stock_status":"instock","restock_status":false,"low_stock_amount":"","sales_update_date":"2026-04-21T00:16:18","calc_backorders":null,"yoast_head":"<!-- This site is optimized with the Yoast SEO plugin v27.4 - https:\/\/yoast.com\/product\/yoast-seo-wordpress\/ -->\n<title>WC54 Moteur soufflant d\u00e9givrage pare brise -<\/title>\n<meta name=\"robots\" content=\"index, follow, max-snippet:-1, max-image-preview:large, max-video-preview:-1\" \/>\n<link rel=\"canonical\" href=\"https:\/\/usmtwt.com\/boutique\/dodge-wc54-ambulance\/electricite-dodge-wc54-ambulance\/wc54-moteur-soufflant-degivrage-pare-brise\/\" \/>\n<meta property=\"og:locale\" content=\"fr_FR\" \/>\n<meta property=\"og:type\" content=\"article\" \/>\n<meta property=\"og:title\" content=\"WC54 Moteur soufflant d\u00e9givrage pare brise -\" \/>\n<meta property=\"og:description\" content=\"Moteur et rondelles NOS Certaines caract\u00e9ristiques diff\u00e8rent du mod\u00e8le original, mais respectent la fonctionnalit\u00e9 et l&rsquo;apparence du mod\u00e8le original.\" \/>\n<meta property=\"og:url\" content=\"https:\/\/usmtwt.com\/boutique\/dodge-wc54-ambulance\/electricite-dodge-wc54-ambulance\/wc54-moteur-soufflant-degivrage-pare-brise\/\" \/>\n<meta property=\"article:modified_time\" content=\"2025-10-28T17:09:55+00:00\" \/>\n<meta property=\"og:image\" content=\"https:\/\/usmtwt.com\/wp-content\/uploads\/2023\/03\/USMTWT3896.jpg\" \/>\n\t<meta property=\"og:image:width\" content=\"1500\" \/>\n\t<meta property=\"og:image:height\" content=\"1687\" \/>\n\t<meta property=\"og:image:type\" content=\"image\/jpeg\" \/>\n<meta name=\"twitter:card\" content=\"summary_large_image\" \/>\n<meta name=\"twitter:label1\" content=\"Dur\u00e9e de lecture estim\u00e9e\" \/>\n\t<meta name=\"twitter:data1\" content=\"1 minute\" \/>\n<script type=\"application\/ld+json\" class=\"yoast-schema-graph\">{\"@context\":\"https:\\\/\\\/schema.org\",\"@graph\":[{\"@type\":\"WebPage\",\"@id\":\"https:\\\/\\\/usmtwt.com\\\/boutique\\\/dodge-wc54-ambulance\\\/electricite-dodge-wc54-ambulance\\\/wc54-moteur-soufflant-degivrage-pare-brise\\\/\",\"url\":\"https:\\\/\\\/usmtwt.com\\\/boutique\\\/dodge-wc54-ambulance\\\/electricite-dodge-wc54-ambulance\\\/wc54-moteur-soufflant-degivrage-pare-brise\\\/\",\"name\":\"WC54 Moteur soufflant d\u00e9givrage pare brise -\",\"isPartOf\":{\"@id\":\"https:\\\/\\\/usmtwt.com\\\/#website\"},\"primaryImageOfPage\":{\"@id\":\"https:\\\/\\\/usmtwt.com\\\/boutique\\\/dodge-wc54-ambulance\\\/electricite-dodge-wc54-ambulance\\\/wc54-moteur-soufflant-degivrage-pare-brise\\\/#primaryimage\"},\"image\":{\"@id\":\"https:\\\/\\\/usmtwt.com\\\/boutique\\\/dodge-wc54-ambulance\\\/electricite-dodge-wc54-ambulance\\\/wc54-moteur-soufflant-degivrage-pare-brise\\\/#primaryimage\"},\"thumbnailUrl\":\"https:\\\/\\\/usmtwt.com\\\/wp-content\\\/uploads\\\/2023\\\/03\\\/USMTWT3896.jpg\",\"datePublished\":\"2023-03-10T16:23:51+00:00\",\"dateModified\":\"2025-10-28T17:09:55+00:00\",\"breadcrumb\":{\"@id\":\"https:\\\/\\\/usmtwt.com\\\/boutique\\\/dodge-wc54-ambulance\\\/electricite-dodge-wc54-ambulance\\\/wc54-moteur-soufflant-degivrage-pare-brise\\\/#breadcrumb\"},\"inLanguage\":\"fr-FR\",\"potentialAction\":[{\"@type\":\"ReadAction\",\"target\":[\"https:\\\/\\\/usmtwt.com\\\/boutique\\\/dodge-wc54-ambulance\\\/electricite-dodge-wc54-ambulance\\\/wc54-moteur-soufflant-degivrage-pare-brise\\\/\"]}]},{\"@type\":\"ImageObject\",\"inLanguage\":\"fr-FR\",\"@id\":\"https:\\\/\\\/usmtwt.com\\\/boutique\\\/dodge-wc54-ambulance\\\/electricite-dodge-wc54-ambulance\\\/wc54-moteur-soufflant-degivrage-pare-brise\\\/#primaryimage\",\"url\":\"https:\\\/\\\/usmtwt.com\\\/wp-content\\\/uploads\\\/2023\\\/03\\\/USMTWT3896.jpg\",\"contentUrl\":\"https:\\\/\\\/usmtwt.com\\\/wp-content\\\/uploads\\\/2023\\\/03\\\/USMTWT3896.jpg\",\"width\":1500,\"height\":1687},{\"@type\":\"BreadcrumbList\",\"@id\":\"https:\\\/\\\/usmtwt.com\\\/boutique\\\/dodge-wc54-ambulance\\\/electricite-dodge-wc54-ambulance\\\/wc54-moteur-soufflant-degivrage-pare-brise\\\/#breadcrumb\",\"itemListElement\":[{\"@type\":\"ListItem\",\"position\":1,\"name\":\"Accueil\",\"item\":\"https:\\\/\\\/usmtwt.com\\\/\"},{\"@type\":\"ListItem\",\"position\":2,\"name\":\"Products\",\"item\":\"https:\\\/\\\/usmtwt.com\\\/en\\\/shop\\\/\"},{\"@type\":\"ListItem\",\"position\":3,\"name\":\"[:fr]WC54 Moteur soufflant d\u00e9givrage pare brise[:en]WC54 Motor blower defrost Windscreen[:]\"}]},{\"@type\":\"WebSite\",\"@id\":\"https:\\\/\\\/usmtwt.com\\\/#website\",\"url\":\"https:\\\/\\\/usmtwt.com\\\/\",\"name\":\"\",\"description\":\"\",\"potentialAction\":[{\"@type\":\"SearchAction\",\"target\":{\"@type\":\"EntryPoint\",\"urlTemplate\":\"https:\\\/\\\/usmtwt.com\\\/?s={search_term_string}\"},\"query-input\":{\"@type\":\"PropertyValueSpecification\",\"valueRequired\":true,\"valueName\":\"search_term_string\"}}],\"inLanguage\":\"fr-FR\"}]}<\/script>\n<!-- \/ Yoast SEO plugin. -->","yoast_head_json":{"title":"WC54 Moteur soufflant d\u00e9givrage pare brise -","robots":{"index":"index","follow":"follow","max-snippet":"max-snippet:-1","max-image-preview":"max-image-preview:large","max-video-preview":"max-video-preview:-1"},"canonical":"https:\/\/usmtwt.com\/boutique\/dodge-wc54-ambulance\/electricite-dodge-wc54-ambulance\/wc54-moteur-soufflant-degivrage-pare-brise\/","og_locale":"fr_FR","og_type":"article","og_title":"WC54 Moteur soufflant d\u00e9givrage pare brise -","og_description":"Moteur et rondelles NOS Certaines caract\u00e9ristiques diff\u00e8rent du mod\u00e8le original, mais respectent la fonctionnalit\u00e9 et l&rsquo;apparence du mod\u00e8le original.","og_url":"https:\/\/usmtwt.com\/boutique\/dodge-wc54-ambulance\/electricite-dodge-wc54-ambulance\/wc54-moteur-soufflant-degivrage-pare-brise\/","article_modified_time":"2025-10-28T17:09:55+00:00","og_image":[{"width":1500,"height":1687,"url":"https:\/\/usmtwt.com\/wp-content\/uploads\/2023\/03\/USMTWT3896.jpg","type":"image\/jpeg"}],"twitter_card":"summary_large_image","twitter_misc":{"Dur\u00e9e de lecture estim\u00e9e":"1 minute"},"schema":{"@context":"https:\/\/schema.org","@graph":[{"@type":"WebPage","@id":"https:\/\/usmtwt.com\/boutique\/dodge-wc54-ambulance\/electricite-dodge-wc54-ambulance\/wc54-moteur-soufflant-degivrage-pare-brise\/","url":"https:\/\/usmtwt.com\/boutique\/dodge-wc54-ambulance\/electricite-dodge-wc54-ambulance\/wc54-moteur-soufflant-degivrage-pare-brise\/","name":"WC54 Moteur soufflant d\u00e9givrage pare brise -","isPartOf":{"@id":"https:\/\/usmtwt.com\/#website"},"primaryImageOfPage":{"@id":"https:\/\/usmtwt.com\/boutique\/dodge-wc54-ambulance\/electricite-dodge-wc54-ambulance\/wc54-moteur-soufflant-degivrage-pare-brise\/#primaryimage"},"image":{"@id":"https:\/\/usmtwt.com\/boutique\/dodge-wc54-ambulance\/electricite-dodge-wc54-ambulance\/wc54-moteur-soufflant-degivrage-pare-brise\/#primaryimage"},"thumbnailUrl":"https:\/\/usmtwt.com\/wp-content\/uploads\/2023\/03\/USMTWT3896.jpg","datePublished":"2023-03-10T16:23:51+00:00","dateModified":"2025-10-28T17:09:55+00:00","breadcrumb":{"@id":"https:\/\/usmtwt.com\/boutique\/dodge-wc54-ambulance\/electricite-dodge-wc54-ambulance\/wc54-moteur-soufflant-degivrage-pare-brise\/#breadcrumb"},"inLanguage":"fr-FR","potentialAction":[{"@type":"ReadAction","target":["https:\/\/usmtwt.com\/boutique\/dodge-wc54-ambulance\/electricite-dodge-wc54-ambulance\/wc54-moteur-soufflant-degivrage-pare-brise\/"]}]},{"@type":"ImageObject","inLanguage":"fr-FR","@id":"https:\/\/usmtwt.com\/boutique\/dodge-wc54-ambulance\/electricite-dodge-wc54-ambulance\/wc54-moteur-soufflant-degivrage-pare-brise\/#primaryimage","url":"https:\/\/usmtwt.com\/wp-content\/uploads\/2023\/03\/USMTWT3896.jpg","contentUrl":"https:\/\/usmtwt.com\/wp-content\/uploads\/2023\/03\/USMTWT3896.jpg","width":1500,"height":1687},{"@type":"BreadcrumbList","@id":"https:\/\/usmtwt.com\/boutique\/dodge-wc54-ambulance\/electricite-dodge-wc54-ambulance\/wc54-moteur-soufflant-degivrage-pare-brise\/#breadcrumb","itemListElement":[{"@type":"ListItem","position":1,"name":"Accueil","item":"https:\/\/usmtwt.com\/"},{"@type":"ListItem","position":2,"name":"Products","item":"https:\/\/usmtwt.com\/en\/shop\/"},{"@type":"ListItem","position":3,"name":"[:fr]WC54 Moteur soufflant d\u00e9givrage pare brise[:en]WC54 Motor blower defrost Windscreen[:]"}]},{"@type":"WebSite","@id":"https:\/\/usmtwt.com\/#website","url":"https:\/\/usmtwt.com\/","name":"","description":"","potentialAction":[{"@type":"SearchAction","target":{"@type":"EntryPoint","urlTemplate":"https:\/\/usmtwt.com\/?s={search_term_string}"},"query-input":{"@type":"PropertyValueSpecification","valueRequired":true,"valueName":"search_term_string"}}],"inLanguage":"fr-FR"}]}},"jetpack_publicize_connections":[],"jetpack_sharing_enabled":true,"_links":{"self":[{"href":"https:\/\/usmtwt.com\/fr\/wp-json\/wp\/v2\/product\/24518","targetHints":{"allow":["GET"]}}],"collection":[{"href":"https:\/\/usmtwt.com\/fr\/wp-json\/wp\/v2\/product"}],"about":[{"href":"https:\/\/usmtwt.com\/fr\/wp-json\/wp\/v2\/types\/product"}],"wp:featuredmedia":[{"embeddable":true,"href":"https:\/\/usmtwt.com\/fr\/wp-json\/wp\/v2\/media\/24522"}],"wp:attachment":[{"href":"https:\/\/usmtwt.com\/fr\/wp-json\/wp\/v2\/media?parent=24518"}],"wp:term":[{"taxonomy":"product_brand","embeddable":true,"href":"https:\/\/usmtwt.com\/fr\/wp-json\/wp\/v2\/product_brand?post=24518"},{"taxonomy":"product_cat","embeddable":true,"href":"https:\/\/usmtwt.com\/fr\/wp-json\/wp\/v2\/product_cat?post=24518"},{"taxonomy":"product_tag","embeddable":true,"href":"https:\/\/usmtwt.com\/fr\/wp-json\/wp\/v2\/product_tag?post=24518"}],"curies":[{"name":"wp","href":"https:\/\/api.w.org\/{rel}","templated":true}]}}