{"id":21770,"date":"2024-03-11T12:59:29","date_gmt":"2024-03-11T12:59:29","guid":{"rendered":"https:\/\/usmtwt.com\/?post_type=product&#038;p=21770"},"modified":"2024-11-21T10:16:38","modified_gmt":"2024-11-21T10:16:38","slug":"dodge-wc54-connaissance-et-restauration","status":"publish","type":"product","link":"https:\/\/usmtwt.com\/fr\/boutique\/dodge-wc54-ambulance\/porte-avant\/dodge-wc54-connaissance-et-restauration\/","title":{"rendered":"DODGE WC54 &#8211; Connaissance et Restauration (Fran\u00e7ais)"},"content":{"rendered":"<p><\/p>\n<div id=\"product-description-short-6552\" class=\"rte-content product-description\">\n<p style=\"text-align: center;\"><span style=\"font-size: 21px;\"><em><strong>ACTUELLEMENT EN RUPTURE DE STOCK<\/strong><\/em><\/span><\/p>\n<p style=\"text-align: center;\"><span style=\"font-size: 18pt;\">\u00c9crit par nos soins pour votre passion.<\/span><\/p>\n<p style=\"text-align: center;\"><span style=\"font-size: 18pt;\">N&rsquo;h\u00e9sitez pas \u00e0 me demander une d\u00e9dicace lors de votre commande.<\/span><\/p>\n<p><strong>En 1940, la Deuxi\u00e8me Guerre Mondiale<\/strong> prenant de l\u2019ampleur, pousse l\u2019arm\u00e9e am\u00e9ricaine \u00e0 l\u2019\u00e9tude et la production en nombre de v\u00e9hicules standardis\u00e9s pour ses besoins. En 1942, les livraisons de l\u2019ambulance \u00be Ton <strong>Dodge WC54<\/strong> d\u00e9butent. Construite, par Chrysler, sur le m\u00eame ch\u00e2ssis et avec le moteur de toute la s\u00e9rie des Dodge WC, elle dispose de sp\u00e9cificit\u00e9s propre \u00e0 sa destination de v\u00e9hicule de secours et de transport de bless\u00e9s.<\/p>\n<p>En tout, plus de 26 000 exemplaires du Dodge WC54 seront construit pendant la dur\u00e9e de la guerre. Utilis\u00e9e par l\u2019arm\u00e9e am\u00e9ricaine et ses alli\u00e9es, elle restera en service apr\u00e8s-guerre dans nombre de pays dont la France. L\u2019ambulance Dodge WC54 est un v\u00e9hicule embl\u00e9matique de cette p\u00e9riode, tr\u00e8s recherch\u00e9 par les collectionneurs. Il est encore possible de trouver sur le march\u00e9 des ambulances dans des \u00e9tats variables, plus ou moins transform\u00e9es. La restauration d\u2019un v\u00e9hicule militaire demande une grande rigueur. Ses caract\u00e9ristiques \u2013 pi\u00e8ces, accessoires, marquages, etc. \u2013 r\u00e9pondent \u00e0 un cahier des charges militaire pr\u00e9cis.<\/p>\n<p>Ce livre pr\u00e9sente de fa\u00e7on d\u00e9taill\u00e9e tous les aspects de ce v\u00e9hicule, en abordant tous les sujets : ch\u00e2ssis, cabine, \u00e9lectricit\u00e9, accessoires, marquages\u2026 Il explique les \u00e9volutions apport\u00e9es \u00e0 l\u2019ambulance au fil de la guerre, aussi bien d\u2019un point de vue m\u00e9canique ou carrosserie, que d\u2019un point de vue des marquages. Il montre enfin les diff\u00e9rences entre les Dodge WC54 utilis\u00e9es par l\u2019arm\u00e9e am\u00e9ricaine et ceux de l\u2019arm\u00e9e fran\u00e7aise.<\/p>\n<p><strong>Cet ouvrage, abondamment illustr\u00e9 avec plus de 450 photos, est destin\u00e9 \u00e0 tous les passionn\u00e9s de v\u00e9hicules militaires et de secours.<\/strong><\/p>\n<\/div>\n<section class=\"product-features\">\n<dl class=\"data-sheet\">\n<dt class=\"name\"><\/dt>\n<dt class=\"name\">\n<table style=\"border-collapse: collapse; width: 30.4852%;\">\n<tbody>\n<tr>\n<td style=\"width: 16.9804%;\">Auteur<\/td>\n<td style=\"width: 13.5048%;\">Fabien Raud<\/td>\n<\/tr>\n<tr>\n<td style=\"width: 16.9804%;\">Date de publication<\/td>\n<td style=\"width: 13.5048%;\">\u00a0Fin novembre 2021<\/td>\n<\/tr>\n<tr>\n<td style=\"width: 16.9804%;\">Pages<\/td>\n<td style=\"width: 13.5048%;\">\u00a0144<\/td>\n<\/tr>\n<tr>\n<td style=\"width: 16.9804%;\">Illustrations<\/td>\n<td style=\"width: 13.5048%;\">Plus de 450 photos<\/td>\n<\/tr>\n<tr>\n<td style=\"width: 16.9804%;\">Couverture<\/td>\n<td style=\"width: 13.5048%;\">Broch\u00e9e<\/td>\n<\/tr>\n<tr>\n<td style=\"width: 16.9804%;\">\n<dl class=\"data-sheet\">\n<dt class=\"name\">Langue<\/dt>\n<\/dl>\n<\/td>\n<td style=\"width: 13.5048%;\">Fran\u00e7ais<\/td>\n<\/tr>\n<tr>\n<td style=\"width: 16.9804%;\">Editeur<\/td>\n<td style=\"width: 13.5048%;\">Forties-Factory<\/td>\n<\/tr>\n<tr>\n<td style=\"width: 16.9804%;\">EAN<\/td>\n<td style=\"width: 13.5048%;\">9782958016906<\/td>\n<\/tr>\n<\/tbody>\n<\/table>\n<\/dt>\n<\/dl>\n<\/section>\n<p><\/p>","protected":false},"excerpt":{"rendered":"<p>ACTUELLEMENT EN RUPTURE DE STOCK \u00c9crit par nos soins pour votre passion. N&rsquo;h\u00e9sitez pas \u00e0 me demander une d\u00e9dicace lors de votre [&hellip;]<\/p>\n","protected":false},"featured_media":21774,"template":"","meta":{"jetpack_post_was_ever_published":false,"jetpack_publicize_message":"","jetpack_publicize_feature_enabled":true,"jetpack_social_post_already_shared":true,"jetpack_social_options":{"image_generator_settings":{"template":"highway","default_image_id":0,"font":"","enabled":false},"version":2}},"product_brand":[],"product_cat":[203,202,201,219,200,199],"product_tag":[],"class_list":{"0":"post-21770","1":"product","2":"type-product","3":"status-publish","4":"has-post-thumbnail","6":"product_cat-autres-elements","7":"product_cat-carrosserie-dodge-wc54-ambulance","8":"product_cat-interieur","9":"product_cat-livre","10":"product_cat-porte-arriere","11":"product_cat-porte-avant","13":"first","14":"instock","15":"shipping-taxable","16":"product-type-simple"},"supplier_id":null,"supplier_sku":"","barcode":null,"atum_controlled":true,"out_stock_date":null,"out_stock_threshold":null,"inheritable":false,"inbound_stock":0,"stock_on_hold":0,"sold_today":0,"sales_last_days":0,"reserved_stock":0,"customer_returns":0,"warehouse_damage":0,"lost_in_post":0,"other_logs":0,"out_stock_days":0,"lost_sales":0,"has_location":false,"update_date":"2026-04-20T00:15:14","atum_locations":[],"atum_stock_status":"instock","restock_status":false,"low_stock_amount":10,"sales_update_date":"2026-04-20T00:15:14","calc_backorders":null,"yoast_head":"<!-- This site is optimized with the Yoast SEO plugin v27.4 - https:\/\/yoast.com\/product\/yoast-seo-wordpress\/ -->\n<title>DODGE WC54 - Connaissance et Restauration (Fran\u00e7ais) -<\/title>\n<meta name=\"robots\" content=\"index, follow, max-snippet:-1, max-image-preview:large, max-video-preview:-1\" \/>\n<link rel=\"canonical\" href=\"https:\/\/usmtwt.com\/boutique\/dodge-wc54-ambulance\/porte-avant\/dodge-wc54-connaissance-et-restauration\/\" \/>\n<meta property=\"og:locale\" content=\"fr_FR\" \/>\n<meta property=\"og:type\" content=\"article\" \/>\n<meta property=\"og:title\" content=\"DODGE WC54 - Connaissance et Restauration (Fran\u00e7ais) -\" \/>\n<meta property=\"og:description\" content=\"ACTUELLEMENT EN RUPTURE DE STOCK \u00c9crit par nos soins pour votre passion. N&rsquo;h\u00e9sitez pas \u00e0 me demander une d\u00e9dicace lors de votre [&hellip;]\" \/>\n<meta property=\"og:url\" content=\"https:\/\/usmtwt.com\/boutique\/dodge-wc54-ambulance\/porte-avant\/dodge-wc54-connaissance-et-restauration\/\" \/>\n<meta property=\"article:modified_time\" content=\"2024-11-21T10:16:38+00:00\" \/>\n<meta property=\"og:image\" content=\"https:\/\/usmtwt.com\/wp-content\/uploads\/2021\/10\/dodge-wc54-connaissance-et-restauration.jpg\" \/>\n\t<meta property=\"og:image:width\" content=\"800\" \/>\n\t<meta property=\"og:image:height\" content=\"800\" \/>\n\t<meta property=\"og:image:type\" content=\"image\/jpeg\" \/>\n<meta name=\"twitter:card\" content=\"summary_large_image\" \/>\n<meta name=\"twitter:label1\" content=\"Dur\u00e9e de lecture estim\u00e9e\" \/>\n\t<meta name=\"twitter:data1\" content=\"2 minutes\" \/>\n<script type=\"application\/ld+json\" class=\"yoast-schema-graph\">{\"@context\":\"https:\\\/\\\/schema.org\",\"@graph\":[{\"@type\":\"WebPage\",\"@id\":\"https:\\\/\\\/usmtwt.com\\\/boutique\\\/dodge-wc54-ambulance\\\/porte-avant\\\/dodge-wc54-connaissance-et-restauration\\\/\",\"url\":\"https:\\\/\\\/usmtwt.com\\\/boutique\\\/dodge-wc54-ambulance\\\/porte-avant\\\/dodge-wc54-connaissance-et-restauration\\\/\",\"name\":\"DODGE WC54 - Connaissance et Restauration (Fran\u00e7ais) -\",\"isPartOf\":{\"@id\":\"https:\\\/\\\/usmtwt.com\\\/#website\"},\"primaryImageOfPage\":{\"@id\":\"https:\\\/\\\/usmtwt.com\\\/boutique\\\/dodge-wc54-ambulance\\\/porte-avant\\\/dodge-wc54-connaissance-et-restauration\\\/#primaryimage\"},\"image\":{\"@id\":\"https:\\\/\\\/usmtwt.com\\\/boutique\\\/dodge-wc54-ambulance\\\/porte-avant\\\/dodge-wc54-connaissance-et-restauration\\\/#primaryimage\"},\"thumbnailUrl\":\"https:\\\/\\\/usmtwt.com\\\/wp-content\\\/uploads\\\/2021\\\/10\\\/dodge-wc54-connaissance-et-restauration.jpg\",\"datePublished\":\"2024-03-11T12:59:29+00:00\",\"dateModified\":\"2024-11-21T10:16:38+00:00\",\"breadcrumb\":{\"@id\":\"https:\\\/\\\/usmtwt.com\\\/boutique\\\/dodge-wc54-ambulance\\\/porte-avant\\\/dodge-wc54-connaissance-et-restauration\\\/#breadcrumb\"},\"inLanguage\":\"fr-FR\",\"potentialAction\":[{\"@type\":\"ReadAction\",\"target\":[\"https:\\\/\\\/usmtwt.com\\\/boutique\\\/dodge-wc54-ambulance\\\/porte-avant\\\/dodge-wc54-connaissance-et-restauration\\\/\"]}]},{\"@type\":\"ImageObject\",\"inLanguage\":\"fr-FR\",\"@id\":\"https:\\\/\\\/usmtwt.com\\\/boutique\\\/dodge-wc54-ambulance\\\/porte-avant\\\/dodge-wc54-connaissance-et-restauration\\\/#primaryimage\",\"url\":\"https:\\\/\\\/usmtwt.com\\\/wp-content\\\/uploads\\\/2021\\\/10\\\/dodge-wc54-connaissance-et-restauration.jpg\",\"contentUrl\":\"https:\\\/\\\/usmtwt.com\\\/wp-content\\\/uploads\\\/2021\\\/10\\\/dodge-wc54-connaissance-et-restauration.jpg\",\"width\":800,\"height\":800},{\"@type\":\"BreadcrumbList\",\"@id\":\"https:\\\/\\\/usmtwt.com\\\/boutique\\\/dodge-wc54-ambulance\\\/porte-avant\\\/dodge-wc54-connaissance-et-restauration\\\/#breadcrumb\",\"itemListElement\":[{\"@type\":\"ListItem\",\"position\":1,\"name\":\"Accueil\",\"item\":\"https:\\\/\\\/usmtwt.com\\\/\"},{\"@type\":\"ListItem\",\"position\":2,\"name\":\"Products\",\"item\":\"https:\\\/\\\/usmtwt.com\\\/en\\\/shop\\\/\"},{\"@type\":\"ListItem\",\"position\":3,\"name\":\"DODGE WC54 &#8211; Connaissance et Restauration (Fran\u00e7ais)\"}]},{\"@type\":\"WebSite\",\"@id\":\"https:\\\/\\\/usmtwt.com\\\/#website\",\"url\":\"https:\\\/\\\/usmtwt.com\\\/\",\"name\":\"\",\"description\":\"\",\"potentialAction\":[{\"@type\":\"SearchAction\",\"target\":{\"@type\":\"EntryPoint\",\"urlTemplate\":\"https:\\\/\\\/usmtwt.com\\\/?s={search_term_string}\"},\"query-input\":{\"@type\":\"PropertyValueSpecification\",\"valueRequired\":true,\"valueName\":\"search_term_string\"}}],\"inLanguage\":\"fr-FR\"}]}<\/script>\n<!-- \/ Yoast SEO plugin. -->","yoast_head_json":{"title":"DODGE WC54 - Connaissance et Restauration (Fran\u00e7ais) -","robots":{"index":"index","follow":"follow","max-snippet":"max-snippet:-1","max-image-preview":"max-image-preview:large","max-video-preview":"max-video-preview:-1"},"canonical":"https:\/\/usmtwt.com\/boutique\/dodge-wc54-ambulance\/porte-avant\/dodge-wc54-connaissance-et-restauration\/","og_locale":"fr_FR","og_type":"article","og_title":"DODGE WC54 - Connaissance et Restauration (Fran\u00e7ais) -","og_description":"ACTUELLEMENT EN RUPTURE DE STOCK \u00c9crit par nos soins pour votre passion. N&rsquo;h\u00e9sitez pas \u00e0 me demander une d\u00e9dicace lors de votre [&hellip;]","og_url":"https:\/\/usmtwt.com\/boutique\/dodge-wc54-ambulance\/porte-avant\/dodge-wc54-connaissance-et-restauration\/","article_modified_time":"2024-11-21T10:16:38+00:00","og_image":[{"width":800,"height":800,"url":"https:\/\/usmtwt.com\/wp-content\/uploads\/2021\/10\/dodge-wc54-connaissance-et-restauration.jpg","type":"image\/jpeg"}],"twitter_card":"summary_large_image","twitter_misc":{"Dur\u00e9e de lecture estim\u00e9e":"2 minutes"},"schema":{"@context":"https:\/\/schema.org","@graph":[{"@type":"WebPage","@id":"https:\/\/usmtwt.com\/boutique\/dodge-wc54-ambulance\/porte-avant\/dodge-wc54-connaissance-et-restauration\/","url":"https:\/\/usmtwt.com\/boutique\/dodge-wc54-ambulance\/porte-avant\/dodge-wc54-connaissance-et-restauration\/","name":"DODGE WC54 - Connaissance et Restauration (Fran\u00e7ais) -","isPartOf":{"@id":"https:\/\/usmtwt.com\/#website"},"primaryImageOfPage":{"@id":"https:\/\/usmtwt.com\/boutique\/dodge-wc54-ambulance\/porte-avant\/dodge-wc54-connaissance-et-restauration\/#primaryimage"},"image":{"@id":"https:\/\/usmtwt.com\/boutique\/dodge-wc54-ambulance\/porte-avant\/dodge-wc54-connaissance-et-restauration\/#primaryimage"},"thumbnailUrl":"https:\/\/usmtwt.com\/wp-content\/uploads\/2021\/10\/dodge-wc54-connaissance-et-restauration.jpg","datePublished":"2024-03-11T12:59:29+00:00","dateModified":"2024-11-21T10:16:38+00:00","breadcrumb":{"@id":"https:\/\/usmtwt.com\/boutique\/dodge-wc54-ambulance\/porte-avant\/dodge-wc54-connaissance-et-restauration\/#breadcrumb"},"inLanguage":"fr-FR","potentialAction":[{"@type":"ReadAction","target":["https:\/\/usmtwt.com\/boutique\/dodge-wc54-ambulance\/porte-avant\/dodge-wc54-connaissance-et-restauration\/"]}]},{"@type":"ImageObject","inLanguage":"fr-FR","@id":"https:\/\/usmtwt.com\/boutique\/dodge-wc54-ambulance\/porte-avant\/dodge-wc54-connaissance-et-restauration\/#primaryimage","url":"https:\/\/usmtwt.com\/wp-content\/uploads\/2021\/10\/dodge-wc54-connaissance-et-restauration.jpg","contentUrl":"https:\/\/usmtwt.com\/wp-content\/uploads\/2021\/10\/dodge-wc54-connaissance-et-restauration.jpg","width":800,"height":800},{"@type":"BreadcrumbList","@id":"https:\/\/usmtwt.com\/boutique\/dodge-wc54-ambulance\/porte-avant\/dodge-wc54-connaissance-et-restauration\/#breadcrumb","itemListElement":[{"@type":"ListItem","position":1,"name":"Accueil","item":"https:\/\/usmtwt.com\/"},{"@type":"ListItem","position":2,"name":"Products","item":"https:\/\/usmtwt.com\/en\/shop\/"},{"@type":"ListItem","position":3,"name":"DODGE WC54 &#8211; Connaissance et Restauration (Fran\u00e7ais)"}]},{"@type":"WebSite","@id":"https:\/\/usmtwt.com\/#website","url":"https:\/\/usmtwt.com\/","name":"","description":"","potentialAction":[{"@type":"SearchAction","target":{"@type":"EntryPoint","urlTemplate":"https:\/\/usmtwt.com\/?s={search_term_string}"},"query-input":{"@type":"PropertyValueSpecification","valueRequired":true,"valueName":"search_term_string"}}],"inLanguage":"fr-FR"}]}},"jetpack_publicize_connections":[],"jetpack_sharing_enabled":true,"_links":{"self":[{"href":"https:\/\/usmtwt.com\/fr\/wp-json\/wp\/v2\/product\/21770","targetHints":{"allow":["GET"]}}],"collection":[{"href":"https:\/\/usmtwt.com\/fr\/wp-json\/wp\/v2\/product"}],"about":[{"href":"https:\/\/usmtwt.com\/fr\/wp-json\/wp\/v2\/types\/product"}],"wp:featuredmedia":[{"embeddable":true,"href":"https:\/\/usmtwt.com\/fr\/wp-json\/wp\/v2\/media\/21774"}],"wp:attachment":[{"href":"https:\/\/usmtwt.com\/fr\/wp-json\/wp\/v2\/media?parent=21770"}],"wp:term":[{"taxonomy":"product_brand","embeddable":true,"href":"https:\/\/usmtwt.com\/fr\/wp-json\/wp\/v2\/product_brand?post=21770"},{"taxonomy":"product_cat","embeddable":true,"href":"https:\/\/usmtwt.com\/fr\/wp-json\/wp\/v2\/product_cat?post=21770"},{"taxonomy":"product_tag","embeddable":true,"href":"https:\/\/usmtwt.com\/fr\/wp-json\/wp\/v2\/product_tag?post=21770"}],"curies":[{"name":"wp","href":"https:\/\/api.w.org\/{rel}","templated":true}]}}