{"id":12212,"date":"2020-02-29T13:29:01","date_gmt":"2020-02-29T13:29:01","guid":{"rendered":"https:\/\/usmtwt.com\/?post_type=product&#038;p=12212"},"modified":"2020-11-26T17:12:01","modified_gmt":"2020-11-26T17:12:01","slug":"chenillette-weasel-m29","status":"publish","type":"product","link":"https:\/\/usmtwt.com\/fr\/boutique\/vehicules-en-vente\/chenillette-weasel-m29\/","title":{"rendered":"Chenillette Weasel M29"},"content":{"rendered":"<p>Tournante et roulante.<\/p>\n<p>Demande r\u00e9novation pour fiabilis\u00e9 le v\u00e9hicule.<\/p>\n<p>Vendu en l&rsquo;\u00e9tat.<\/p>\n<p>Visible sur rendez vous.<\/p>\n<p>Plus d&rsquo;info par mail contact@usmtwt.com<\/p>","protected":false},"excerpt":{"rendered":"<p>Tournante et roulante. Demande r\u00e9novation pour fiabilis\u00e9 le v\u00e9hicule. Vendu en l&rsquo;\u00e9tat. Visible sur rendez vous. Plus d&rsquo;info par mail contact@usmtwt.com<\/p>\n","protected":false},"featured_media":14649,"template":"","meta":{"jetpack_post_was_ever_published":false,"jetpack_publicize_message":"","jetpack_publicize_feature_enabled":true,"jetpack_social_post_already_shared":true,"jetpack_social_options":{"image_generator_settings":{"template":"highway","default_image_id":0,"font":"","enabled":false},"version":2}},"product_brand":[],"product_cat":[192],"product_tag":[],"class_list":{"0":"post-12212","1":"product","2":"type-product","3":"status-publish","4":"has-post-thumbnail","6":"product_cat-vehicules-en-vente","8":"first","9":"outofstock","10":"shipping-taxable","11":"purchasable","12":"product-type-simple"},"supplier_id":null,"supplier_sku":"","barcode":null,"atum_controlled":true,"out_stock_date":null,"out_stock_threshold":null,"inheritable":false,"inbound_stock":0,"stock_on_hold":0,"sold_today":0,"sales_last_days":0,"reserved_stock":0,"customer_returns":0,"warehouse_damage":0,"lost_in_post":0,"other_logs":0,"out_stock_days":0,"lost_sales":0,"has_location":false,"update_date":"2026-04-10T00:10:26","atum_locations":[],"atum_stock_status":"outofstock","restock_status":false,"low_stock_amount":"","sales_update_date":"2026-04-10T00:10:26","calc_backorders":null,"yoast_head":"<!-- This site is optimized with the Yoast SEO plugin v27.3 - https:\/\/yoast.com\/product\/yoast-seo-wordpress\/ -->\n<title>Chenillette Weasel M29 -<\/title>\n<meta name=\"robots\" content=\"index, follow, max-snippet:-1, max-image-preview:large, max-video-preview:-1\" \/>\n<link rel=\"canonical\" href=\"https:\/\/usmtwt.com\/boutique\/vehicules-en-vente\/chenillette-weasel-m29\/\" \/>\n<meta property=\"og:locale\" content=\"fr_FR\" \/>\n<meta property=\"og:type\" content=\"article\" \/>\n<meta property=\"og:title\" content=\"Chenillette Weasel M29 -\" \/>\n<meta property=\"og:description\" content=\"Tournante et roulante. Demande r\u00e9novation pour fiabilis\u00e9 le v\u00e9hicule. Vendu en l&rsquo;\u00e9tat. Visible sur rendez vous. Plus d&rsquo;info par mail contact@usmtwt.com\" \/>\n<meta property=\"og:url\" content=\"https:\/\/usmtwt.com\/boutique\/vehicules-en-vente\/chenillette-weasel-m29\/\" \/>\n<meta property=\"article:modified_time\" content=\"2020-11-26T17:12:01+00:00\" \/>\n<meta property=\"og:image\" content=\"https:\/\/usmtwt.com\/wp-content\/uploads\/2020\/02\/USMTWT558.jpeg\" \/>\n\t<meta property=\"og:image:width\" content=\"516\" \/>\n\t<meta property=\"og:image:height\" content=\"365\" \/>\n\t<meta property=\"og:image:type\" content=\"image\/jpeg\" \/>\n<meta name=\"twitter:card\" content=\"summary_large_image\" \/>\n<script type=\"application\/ld+json\" class=\"yoast-schema-graph\">{\"@context\":\"https:\\\/\\\/schema.org\",\"@graph\":[{\"@type\":\"WebPage\",\"@id\":\"https:\\\/\\\/usmtwt.com\\\/boutique\\\/vehicules-en-vente\\\/chenillette-weasel-m29\\\/\",\"url\":\"https:\\\/\\\/usmtwt.com\\\/boutique\\\/vehicules-en-vente\\\/chenillette-weasel-m29\\\/\",\"name\":\"Chenillette Weasel M29 -\",\"isPartOf\":{\"@id\":\"https:\\\/\\\/usmtwt.com\\\/#website\"},\"primaryImageOfPage\":{\"@id\":\"https:\\\/\\\/usmtwt.com\\\/boutique\\\/vehicules-en-vente\\\/chenillette-weasel-m29\\\/#primaryimage\"},\"image\":{\"@id\":\"https:\\\/\\\/usmtwt.com\\\/boutique\\\/vehicules-en-vente\\\/chenillette-weasel-m29\\\/#primaryimage\"},\"thumbnailUrl\":\"https:\\\/\\\/usmtwt.com\\\/wp-content\\\/uploads\\\/2020\\\/02\\\/USMTWT558.jpeg\",\"datePublished\":\"2020-02-29T13:29:01+00:00\",\"dateModified\":\"2020-11-26T17:12:01+00:00\",\"breadcrumb\":{\"@id\":\"https:\\\/\\\/usmtwt.com\\\/boutique\\\/vehicules-en-vente\\\/chenillette-weasel-m29\\\/#breadcrumb\"},\"inLanguage\":\"fr-FR\",\"potentialAction\":[{\"@type\":\"ReadAction\",\"target\":[\"https:\\\/\\\/usmtwt.com\\\/boutique\\\/vehicules-en-vente\\\/chenillette-weasel-m29\\\/\"]}]},{\"@type\":\"ImageObject\",\"inLanguage\":\"fr-FR\",\"@id\":\"https:\\\/\\\/usmtwt.com\\\/boutique\\\/vehicules-en-vente\\\/chenillette-weasel-m29\\\/#primaryimage\",\"url\":\"https:\\\/\\\/usmtwt.com\\\/wp-content\\\/uploads\\\/2020\\\/02\\\/USMTWT558.jpeg\",\"contentUrl\":\"https:\\\/\\\/usmtwt.com\\\/wp-content\\\/uploads\\\/2020\\\/02\\\/USMTWT558.jpeg\",\"width\":516,\"height\":365},{\"@type\":\"BreadcrumbList\",\"@id\":\"https:\\\/\\\/usmtwt.com\\\/boutique\\\/vehicules-en-vente\\\/chenillette-weasel-m29\\\/#breadcrumb\",\"itemListElement\":[{\"@type\":\"ListItem\",\"position\":1,\"name\":\"Accueil\",\"item\":\"https:\\\/\\\/usmtwt.com\\\/\"},{\"@type\":\"ListItem\",\"position\":2,\"name\":\"Products\",\"item\":\"https:\\\/\\\/usmtwt.com\\\/en\\\/shop\\\/\"},{\"@type\":\"ListItem\",\"position\":3,\"name\":\"Chenillette Weasel M29\"}]},{\"@type\":\"WebSite\",\"@id\":\"https:\\\/\\\/usmtwt.com\\\/#website\",\"url\":\"https:\\\/\\\/usmtwt.com\\\/\",\"name\":\"\",\"description\":\"\",\"potentialAction\":[{\"@type\":\"SearchAction\",\"target\":{\"@type\":\"EntryPoint\",\"urlTemplate\":\"https:\\\/\\\/usmtwt.com\\\/?s={search_term_string}\"},\"query-input\":{\"@type\":\"PropertyValueSpecification\",\"valueRequired\":true,\"valueName\":\"search_term_string\"}}],\"inLanguage\":\"fr-FR\"}]}<\/script>\n<!-- \/ Yoast SEO plugin. -->","yoast_head_json":{"title":"Chenillette Weasel M29 -","robots":{"index":"index","follow":"follow","max-snippet":"max-snippet:-1","max-image-preview":"max-image-preview:large","max-video-preview":"max-video-preview:-1"},"canonical":"https:\/\/usmtwt.com\/boutique\/vehicules-en-vente\/chenillette-weasel-m29\/","og_locale":"fr_FR","og_type":"article","og_title":"Chenillette Weasel M29 -","og_description":"Tournante et roulante. Demande r\u00e9novation pour fiabilis\u00e9 le v\u00e9hicule. Vendu en l&rsquo;\u00e9tat. Visible sur rendez vous. Plus d&rsquo;info par mail contact@usmtwt.com","og_url":"https:\/\/usmtwt.com\/boutique\/vehicules-en-vente\/chenillette-weasel-m29\/","article_modified_time":"2020-11-26T17:12:01+00:00","og_image":[{"width":516,"height":365,"url":"https:\/\/usmtwt.com\/wp-content\/uploads\/2020\/02\/USMTWT558.jpeg","type":"image\/jpeg"}],"twitter_card":"summary_large_image","schema":{"@context":"https:\/\/schema.org","@graph":[{"@type":"WebPage","@id":"https:\/\/usmtwt.com\/boutique\/vehicules-en-vente\/chenillette-weasel-m29\/","url":"https:\/\/usmtwt.com\/boutique\/vehicules-en-vente\/chenillette-weasel-m29\/","name":"Chenillette Weasel M29 -","isPartOf":{"@id":"https:\/\/usmtwt.com\/#website"},"primaryImageOfPage":{"@id":"https:\/\/usmtwt.com\/boutique\/vehicules-en-vente\/chenillette-weasel-m29\/#primaryimage"},"image":{"@id":"https:\/\/usmtwt.com\/boutique\/vehicules-en-vente\/chenillette-weasel-m29\/#primaryimage"},"thumbnailUrl":"https:\/\/usmtwt.com\/wp-content\/uploads\/2020\/02\/USMTWT558.jpeg","datePublished":"2020-02-29T13:29:01+00:00","dateModified":"2020-11-26T17:12:01+00:00","breadcrumb":{"@id":"https:\/\/usmtwt.com\/boutique\/vehicules-en-vente\/chenillette-weasel-m29\/#breadcrumb"},"inLanguage":"fr-FR","potentialAction":[{"@type":"ReadAction","target":["https:\/\/usmtwt.com\/boutique\/vehicules-en-vente\/chenillette-weasel-m29\/"]}]},{"@type":"ImageObject","inLanguage":"fr-FR","@id":"https:\/\/usmtwt.com\/boutique\/vehicules-en-vente\/chenillette-weasel-m29\/#primaryimage","url":"https:\/\/usmtwt.com\/wp-content\/uploads\/2020\/02\/USMTWT558.jpeg","contentUrl":"https:\/\/usmtwt.com\/wp-content\/uploads\/2020\/02\/USMTWT558.jpeg","width":516,"height":365},{"@type":"BreadcrumbList","@id":"https:\/\/usmtwt.com\/boutique\/vehicules-en-vente\/chenillette-weasel-m29\/#breadcrumb","itemListElement":[{"@type":"ListItem","position":1,"name":"Accueil","item":"https:\/\/usmtwt.com\/"},{"@type":"ListItem","position":2,"name":"Products","item":"https:\/\/usmtwt.com\/en\/shop\/"},{"@type":"ListItem","position":3,"name":"Chenillette Weasel M29"}]},{"@type":"WebSite","@id":"https:\/\/usmtwt.com\/#website","url":"https:\/\/usmtwt.com\/","name":"","description":"","potentialAction":[{"@type":"SearchAction","target":{"@type":"EntryPoint","urlTemplate":"https:\/\/usmtwt.com\/?s={search_term_string}"},"query-input":{"@type":"PropertyValueSpecification","valueRequired":true,"valueName":"search_term_string"}}],"inLanguage":"fr-FR"}]}},"jetpack_publicize_connections":[],"jetpack_sharing_enabled":true,"_links":{"self":[{"href":"https:\/\/usmtwt.com\/fr\/wp-json\/wp\/v2\/product\/12212","targetHints":{"allow":["GET"]}}],"collection":[{"href":"https:\/\/usmtwt.com\/fr\/wp-json\/wp\/v2\/product"}],"about":[{"href":"https:\/\/usmtwt.com\/fr\/wp-json\/wp\/v2\/types\/product"}],"wp:featuredmedia":[{"embeddable":true,"href":"https:\/\/usmtwt.com\/fr\/wp-json\/wp\/v2\/media\/14649"}],"wp:attachment":[{"href":"https:\/\/usmtwt.com\/fr\/wp-json\/wp\/v2\/media?parent=12212"}],"wp:term":[{"taxonomy":"product_brand","embeddable":true,"href":"https:\/\/usmtwt.com\/fr\/wp-json\/wp\/v2\/product_brand?post=12212"},{"taxonomy":"product_cat","embeddable":true,"href":"https:\/\/usmtwt.com\/fr\/wp-json\/wp\/v2\/product_cat?post=12212"},{"taxonomy":"product_tag","embeddable":true,"href":"https:\/\/usmtwt.com\/fr\/wp-json\/wp\/v2\/product_tag?post=12212"}],"curies":[{"name":"wp","href":"https:\/\/api.w.org\/{rel}","templated":true}]}}