{"id":22159,"date":"2022-01-03T15:56:56","date_gmt":"2022-01-03T15:56:56","guid":{"rendered":"https:\/\/usmtwt.com\/?page_id=22159"},"modified":"2022-11-18T17:32:14","modified_gmt":"2022-11-18T17:32:14","slug":"qui-sommes-nous","status":"publish","type":"page","link":"https:\/\/usmtwt.com\/fr\/qui-sommes-nous\/","title":{"rendered":"Qui sommes nous ?"},"content":{"rendered":"<p><img loading=\"lazy\" decoding=\"async\" class=\"size-medium wp-image-22160 alignright\" src=\"https:\/\/usmtwt.com\/wp-content\/uploads\/2022\/01\/75335_455368234098_5008723_n-159x300.jpg\" alt=\"\" width=\"159\" height=\"300\" srcset=\"https:\/\/usmtwt.com\/wp-content\/uploads\/2022\/01\/75335_455368234098_5008723_n-159x300.jpg 159w, https:\/\/usmtwt.com\/wp-content\/uploads\/2022\/01\/75335_455368234098_5008723_n-80x150.jpg 80w, https:\/\/usmtwt.com\/wp-content\/uploads\/2022\/01\/75335_455368234098_5008723_n-230x434.jpg 230w, https:\/\/usmtwt.com\/wp-content\/uploads\/2022\/01\/75335_455368234098_5008723_n-350x660.jpg 350w, https:\/\/usmtwt.com\/wp-content\/uploads\/2022\/01\/75335_455368234098_5008723_n.jpg 382w\" sizes=\"auto, (max-width: 159px) 100vw, 159px\" \/><\/p>\n<p>Passionn\u00e9 d\u2019histoire militaire, de v\u00e9hicules anciens et de sports m\u00e9caniques depuis ma plus tendre enfance, j\u2019ai grandi dans un environnement automobile. Je fais l\u2019acquisition de ma premi\u00e8re Jeep \u00e0 17 ans. J\u2019entreprends sa restauration essentiellement avec des pi\u00e8ces d\u2019origine facilement disponibles \u00e0 cette \u00e9poque. Rapidement un Dodge WC54 est venu grandir la famille, un v\u00e9hicule aux pi\u00e8ces souvent rares, mais \u00e0 la documentation inexistante.<\/p>\n<p><img loading=\"lazy\" decoding=\"async\" class=\"alignleft wp-image-22161 size-medium\" src=\"https:\/\/usmtwt.com\/wp-content\/uploads\/2022\/01\/sta70910-300x225.jpg\" alt=\"\" width=\"300\" height=\"225\" srcset=\"https:\/\/usmtwt.com\/wp-content\/uploads\/2022\/01\/sta70910-300x225.jpg 300w, https:\/\/usmtwt.com\/wp-content\/uploads\/2022\/01\/sta70910-150x113.jpg 150w, https:\/\/usmtwt.com\/wp-content\/uploads\/2022\/01\/sta70910-768x576.jpg 768w, https:\/\/usmtwt.com\/wp-content\/uploads\/2022\/01\/sta70910-230x173.jpg 230w, https:\/\/usmtwt.com\/wp-content\/uploads\/2022\/01\/sta70910-350x263.jpg 350w, https:\/\/usmtwt.com\/wp-content\/uploads\/2022\/01\/sta70910-480x360.jpg 480w, https:\/\/usmtwt.com\/wp-content\/uploads\/2022\/01\/sta70910-600x450.jpg 600w, https:\/\/usmtwt.com\/wp-content\/uploads\/2022\/01\/sta70910.jpg 800w\" sizes=\"auto, (max-width: 300px) 100vw, 300px\" \/><\/p>\n<p>J\u2019ai r\u00e9nov\u00e9 de nombreux v\u00e9hicules : Jeeps, Dodges, GMC, Sherman pendant 3 ans. J\u2019ai par la suite d\u00e9cid\u00e9 de me consacrer \u00e0 la distribution de pi\u00e8ces d\u00e9tach\u00e9es, en cr\u00e9ant en 2016 mon entreprise USMTWT (US Military Trucks Wheels and Tracks) cons\u00e9quence d\u2019une demande de plus en plus importante en restauration et un besoin en pi\u00e8ces.<\/p>\n<p>&nbsp;<\/p>\n<p>Fort de ces exp\u00e9riences, j\u2019\u00e9cris <strong>mon premier livre r\u00e9f\u00e9rence dans le domaine \u00a0\u00ab\u00a0Dodge WC54 Connaissance et Restauration\u00a0\u00bb<\/strong> destin\u00e9 aux passionn\u00e9s d\u2019ambulance pour partager et faciliter l\u2019acc\u00e8s aux informations sur ce v\u00e9hicule.<img loading=\"lazy\" decoding=\"async\" class=\"alignright wp-image-21774 size-medium\" src=\"https:\/\/usmtwt.com\/wp-content\/uploads\/2021\/10\/dodge-wc54-connaissance-et-restauration-300x300.jpg\" alt=\"\" width=\"300\" height=\"300\" srcset=\"https:\/\/usmtwt.com\/wp-content\/uploads\/2021\/10\/dodge-wc54-connaissance-et-restauration-300x300.jpg 300w, https:\/\/usmtwt.com\/wp-content\/uploads\/2021\/10\/dodge-wc54-connaissance-et-restauration-420x420.jpg 420w, https:\/\/usmtwt.com\/wp-content\/uploads\/2021\/10\/dodge-wc54-connaissance-et-restauration-100x100.jpg 100w, https:\/\/usmtwt.com\/wp-content\/uploads\/2021\/10\/dodge-wc54-connaissance-et-restauration-150x150.jpg 150w, https:\/\/usmtwt.com\/wp-content\/uploads\/2021\/10\/dodge-wc54-connaissance-et-restauration-768x768.jpg 768w, https:\/\/usmtwt.com\/wp-content\/uploads\/2021\/10\/dodge-wc54-connaissance-et-restauration-230x230.jpg 230w, https:\/\/usmtwt.com\/wp-content\/uploads\/2021\/10\/dodge-wc54-connaissance-et-restauration-350x350.jpg 350w, https:\/\/usmtwt.com\/wp-content\/uploads\/2021\/10\/dodge-wc54-connaissance-et-restauration-480x480.jpg 480w, https:\/\/usmtwt.com\/wp-content\/uploads\/2021\/10\/dodge-wc54-connaissance-et-restauration-600x600.jpg 600w, https:\/\/usmtwt.com\/wp-content\/uploads\/2021\/10\/dodge-wc54-connaissance-et-restauration.jpg 800w\" sizes=\"auto, (max-width: 300px) 100vw, 300px\" \/><\/p>\n<p>J\u2019ai \u00e0 c\u0153ur avec mon r\u00e9seau de vous proposer une gamme \u00e9tendue de pi\u00e8ces d\u00e9tach\u00e9es d\u2019origine \u00ab NOS \u00bb New Old Stock \/ Neuves de stock \u00bb, pour vous permettre de commencer, continuer et finir votre restauration dans le respect de l\u2019origine.<\/p>\n<p>Nous mettons un point d\u2019honneur \u00e0 vous proposer des pi\u00e8ces d\u2019origine de la plus haute qualit\u00e9 au meilleur prix.<\/p>\n<p>Nous suivons de pr\u00e8s les restaurations de nos clients partout dans le monde. Comme vous, nous sommes des passionn\u00e9s heureux de contribuer \u00e0 l\u2019aboutissement de vos projets.<\/p>\n<p style=\"text-align: center;\"><strong>Vous aimerez nos produits autant que nous aimons les trouver pour vous.<\/strong><\/p>\n<p>&nbsp;<\/p>\n<p>&nbsp;<\/p>\n<p>&nbsp;<\/p>\n<p style=\"text-align: center;\"><img loading=\"lazy\" decoding=\"async\" class=\"aligncenter wp-image-22167\" src=\"https:\/\/usmtwt.com\/wp-content\/uploads\/2022\/01\/P_20180915_161742_BF-300x225.jpg\" alt=\"\" width=\"301\" height=\"226\" srcset=\"https:\/\/usmtwt.com\/wp-content\/uploads\/2022\/01\/P_20180915_161742_BF-300x225.jpg 300w, https:\/\/usmtwt.com\/wp-content\/uploads\/2022\/01\/P_20180915_161742_BF-800x600.jpg 800w, https:\/\/usmtwt.com\/wp-content\/uploads\/2022\/01\/P_20180915_161742_BF-1024x768.jpg 1024w, https:\/\/usmtwt.com\/wp-content\/uploads\/2022\/01\/P_20180915_161742_BF-150x113.jpg 150w, https:\/\/usmtwt.com\/wp-content\/uploads\/2022\/01\/P_20180915_161742_BF-768x576.jpg 768w, https:\/\/usmtwt.com\/wp-content\/uploads\/2022\/01\/P_20180915_161742_BF-1536x1152.jpg 1536w, https:\/\/usmtwt.com\/wp-content\/uploads\/2022\/01\/P_20180915_161742_BF-2048x1536.jpg 2048w, https:\/\/usmtwt.com\/wp-content\/uploads\/2022\/01\/P_20180915_161742_BF-920x690.jpg 920w, https:\/\/usmtwt.com\/wp-content\/uploads\/2022\/01\/P_20180915_161742_BF-230x173.jpg 230w, https:\/\/usmtwt.com\/wp-content\/uploads\/2022\/01\/P_20180915_161742_BF-350x263.jpg 350w, https:\/\/usmtwt.com\/wp-content\/uploads\/2022\/01\/P_20180915_161742_BF-480x360.jpg 480w, https:\/\/usmtwt.com\/wp-content\/uploads\/2022\/01\/P_20180915_161742_BF-600x450.jpg 600w\" sizes=\"auto, (max-width: 301px) 100vw, 301px\" \/><\/p>\n<p style=\"text-align: center;\"><em><strong>Reportage France 3<\/strong><\/em><\/p>\n<div style=\"width: 640px;\" class=\"wp-video\"><video class=\"wp-video-shortcode\" id=\"video-22159-1\" width=\"640\" height=\"352\" preload=\"metadata\" controls=\"controls\"><source type=\"video\/mp4\" src=\"https:\/\/usmtwt.com\/wp-content\/uploads\/2022\/11\/WC54DODGE.mp4?_=1\" \/><a href=\"https:\/\/usmtwt.com\/wp-content\/uploads\/2022\/11\/WC54DODGE.mp4\">https:\/\/usmtwt.com\/wp-content\/uploads\/2022\/11\/WC54DODGE.mp4<\/a><\/video><\/div>\n<p style=\"text-align: center;\">Nous avons \u00e9quip\u00e9 et adapt\u00e9 les chars Sherman pour l&rsquo;\u00e9mission Champ de Bataille sur RMC D\u00e9couverte<\/p>\n<p style=\"text-align: center;\">(Dompaires &#8211; Le choc des titans).<\/p>\n<p style=\"text-align: center;\"><img loading=\"lazy\" decoding=\"async\" class=\"alignleft wp-image-22171 size-medium\" src=\"https:\/\/usmtwt.com\/wp-content\/uploads\/2022\/01\/23376518_10155880492354660_3334734069217518936_n-300x289.jpg\" alt=\"\" width=\"300\" height=\"289\" srcset=\"https:\/\/usmtwt.com\/wp-content\/uploads\/2022\/01\/23376518_10155880492354660_3334734069217518936_n-300x289.jpg 300w, https:\/\/usmtwt.com\/wp-content\/uploads\/2022\/01\/23376518_10155880492354660_3334734069217518936_n-800x770.jpg 800w, https:\/\/usmtwt.com\/wp-content\/uploads\/2022\/01\/23376518_10155880492354660_3334734069217518936_n-150x144.jpg 150w, https:\/\/usmtwt.com\/wp-content\/uploads\/2022\/01\/23376518_10155880492354660_3334734069217518936_n-768x739.jpg 768w, https:\/\/usmtwt.com\/wp-content\/uploads\/2022\/01\/23376518_10155880492354660_3334734069217518936_n-920x886.jpg 920w, https:\/\/usmtwt.com\/wp-content\/uploads\/2022\/01\/23376518_10155880492354660_3334734069217518936_n-230x221.jpg 230w, https:\/\/usmtwt.com\/wp-content\/uploads\/2022\/01\/23376518_10155880492354660_3334734069217518936_n-350x337.jpg 350w, https:\/\/usmtwt.com\/wp-content\/uploads\/2022\/01\/23376518_10155880492354660_3334734069217518936_n-480x462.jpg 480w, https:\/\/usmtwt.com\/wp-content\/uploads\/2022\/01\/23376518_10155880492354660_3334734069217518936_n-600x578.jpg 600w, https:\/\/usmtwt.com\/wp-content\/uploads\/2022\/01\/23376518_10155880492354660_3334734069217518936_n.jpg 960w\" sizes=\"auto, (max-width: 300px) 100vw, 300px\" \/><img loading=\"lazy\" decoding=\"async\" class=\"aligncenter wp-image-22163\" src=\"https:\/\/usmtwt.com\/wp-content\/uploads\/2022\/01\/22886260_1951829068418764_6825626856310920904_n-300x300.jpg\" alt=\"\" width=\"247\" height=\"247\" srcset=\"https:\/\/usmtwt.com\/wp-content\/uploads\/2022\/01\/22886260_1951829068418764_6825626856310920904_n-300x300.jpg 300w, https:\/\/usmtwt.com\/wp-content\/uploads\/2022\/01\/22886260_1951829068418764_6825626856310920904_n-420x420.jpg 420w, https:\/\/usmtwt.com\/wp-content\/uploads\/2022\/01\/22886260_1951829068418764_6825626856310920904_n-100x100.jpg 100w, https:\/\/usmtwt.com\/wp-content\/uploads\/2022\/01\/22886260_1951829068418764_6825626856310920904_n-150x150.jpg 150w, https:\/\/usmtwt.com\/wp-content\/uploads\/2022\/01\/22886260_1951829068418764_6825626856310920904_n-230x230.jpg 230w, https:\/\/usmtwt.com\/wp-content\/uploads\/2022\/01\/22886260_1951829068418764_6825626856310920904_n-350x350.jpg 350w, https:\/\/usmtwt.com\/wp-content\/uploads\/2022\/01\/22886260_1951829068418764_6825626856310920904_n-480x480.jpg 480w, https:\/\/usmtwt.com\/wp-content\/uploads\/2022\/01\/22886260_1951829068418764_6825626856310920904_n.jpg 500w\" sizes=\"auto, (max-width: 247px) 100vw, 247px\" \/> <img loading=\"lazy\" decoding=\"async\" class=\"alignright wp-image-22164\" src=\"https:\/\/usmtwt.com\/wp-content\/uploads\/2022\/01\/22904977_1951830138418657_6404076286646067462_o-300x225.jpg\" alt=\"\" width=\"330\" height=\"247\" srcset=\"https:\/\/usmtwt.com\/wp-content\/uploads\/2022\/01\/22904977_1951830138418657_6404076286646067462_o-300x225.jpg 300w, https:\/\/usmtwt.com\/wp-content\/uploads\/2022\/01\/22904977_1951830138418657_6404076286646067462_o-800x600.jpg 800w, https:\/\/usmtwt.com\/wp-content\/uploads\/2022\/01\/22904977_1951830138418657_6404076286646067462_o-1024x768.jpg 1024w, https:\/\/usmtwt.com\/wp-content\/uploads\/2022\/01\/22904977_1951830138418657_6404076286646067462_o-150x113.jpg 150w, https:\/\/usmtwt.com\/wp-content\/uploads\/2022\/01\/22904977_1951830138418657_6404076286646067462_o-768x576.jpg 768w, https:\/\/usmtwt.com\/wp-content\/uploads\/2022\/01\/22904977_1951830138418657_6404076286646067462_o-1536x1152.jpg 1536w, https:\/\/usmtwt.com\/wp-content\/uploads\/2022\/01\/22904977_1951830138418657_6404076286646067462_o-920x690.jpg 920w, https:\/\/usmtwt.com\/wp-content\/uploads\/2022\/01\/22904977_1951830138418657_6404076286646067462_o-230x173.jpg 230w, https:\/\/usmtwt.com\/wp-content\/uploads\/2022\/01\/22904977_1951830138418657_6404076286646067462_o-350x263.jpg 350w, https:\/\/usmtwt.com\/wp-content\/uploads\/2022\/01\/22904977_1951830138418657_6404076286646067462_o-480x360.jpg 480w, https:\/\/usmtwt.com\/wp-content\/uploads\/2022\/01\/22904977_1951830138418657_6404076286646067462_o-600x450.jpg 600w, https:\/\/usmtwt.com\/wp-content\/uploads\/2022\/01\/22904977_1951830138418657_6404076286646067462_o.jpg 2048w\" sizes=\"auto, (max-width: 330px) 100vw, 330px\" \/><\/p>\n<p>&nbsp;<\/p>\n<p>&nbsp;<\/p>\n<p>&nbsp;<\/p>\n<p>&nbsp;<\/p>\n<p>&nbsp;<\/p>\n<p><span class=\"embed-youtube\" style=\"text-align:center; display: block;\"><iframe loading=\"lazy\" class=\"youtube-player\" width=\"1170\" height=\"659\" src=\"https:\/\/www.youtube.com\/embed\/UNru23gBSNQ?version=3&#038;rel=1&#038;showsearch=0&#038;showinfo=1&#038;iv_load_policy=1&#038;fs=1&#038;hl=fr-FR&#038;autohide=2&#038;wmode=transparent\" allowfullscreen=\"true\" style=\"border:0;\" sandbox=\"allow-scripts allow-same-origin allow-popups allow-presentation allow-popups-to-escape-sandbox\"><\/iframe><\/span><\/p>","protected":false},"excerpt":{"rendered":"<p>Passionn\u00e9 d\u2019histoire militaire, de v\u00e9hicules anciens et de sports m\u00e9caniques depuis ma plus tendre enfance, j\u2019ai grandi dans un environnement automobile. Je [&hellip;]<\/p>\n","protected":false},"author":1,"featured_media":0,"parent":0,"menu_order":0,"comment_status":"closed","ping_status":"closed","template":"","meta":{"jetpack_post_was_ever_published":false,"footnotes":""},"class_list":["post-22159","page","type-page","status-publish","hentry"],"yoast_head":"<!-- This site is optimized with the Yoast SEO plugin v27.5 - https:\/\/yoast.com\/product\/yoast-seo-wordpress\/ -->\n<title>Qui sommes nous ? -<\/title>\n<meta name=\"robots\" content=\"index, follow, max-snippet:-1, max-image-preview:large, max-video-preview:-1\" \/>\n<link rel=\"canonical\" href=\"https:\/\/usmtwt.com\/qui-sommes-nous\/\" \/>\n<meta property=\"og:locale\" content=\"fr_FR\" \/>\n<meta property=\"og:type\" content=\"article\" \/>\n<meta property=\"og:title\" content=\"Qui sommes nous ? -\" \/>\n<meta property=\"og:description\" content=\"Passionn\u00e9 d\u2019histoire militaire, de v\u00e9hicules anciens et de sports m\u00e9caniques depuis ma plus tendre enfance, j\u2019ai grandi dans un environnement automobile. Je [&hellip;]\" \/>\n<meta property=\"og:url\" content=\"https:\/\/usmtwt.com\/qui-sommes-nous\/\" \/>\n<meta property=\"article:modified_time\" content=\"2022-11-18T17:32:14+00:00\" \/>\n<meta property=\"og:image\" content=\"https:\/\/usmtwt.com\/wp-content\/uploads\/2022\/01\/75335_455368234098_5008723_n-159x300.jpg\" \/>\n<meta name=\"twitter:card\" content=\"summary_large_image\" \/>\n<meta name=\"twitter:label1\" content=\"Dur\u00e9e de lecture estim\u00e9e\" \/>\n\t<meta name=\"twitter:data1\" content=\"3 minutes\" \/>\n<script type=\"application\/ld+json\" class=\"yoast-schema-graph\">{\"@context\":\"https:\\\/\\\/schema.org\",\"@graph\":[{\"@type\":\"WebPage\",\"@id\":\"https:\\\/\\\/usmtwt.com\\\/qui-sommes-nous\\\/\",\"url\":\"https:\\\/\\\/usmtwt.com\\\/qui-sommes-nous\\\/\",\"name\":\"Qui sommes nous ? -\",\"isPartOf\":{\"@id\":\"https:\\\/\\\/usmtwt.com\\\/#website\"},\"primaryImageOfPage\":{\"@id\":\"https:\\\/\\\/usmtwt.com\\\/qui-sommes-nous\\\/#primaryimage\"},\"image\":{\"@id\":\"https:\\\/\\\/usmtwt.com\\\/qui-sommes-nous\\\/#primaryimage\"},\"thumbnailUrl\":\"https:\\\/\\\/usmtwt.com\\\/wp-content\\\/uploads\\\/2022\\\/01\\\/75335_455368234098_5008723_n-159x300.jpg\",\"datePublished\":\"2022-01-03T15:56:56+00:00\",\"dateModified\":\"2022-11-18T17:32:14+00:00\",\"breadcrumb\":{\"@id\":\"https:\\\/\\\/usmtwt.com\\\/qui-sommes-nous\\\/#breadcrumb\"},\"inLanguage\":\"fr-FR\",\"potentialAction\":[{\"@type\":\"ReadAction\",\"target\":[\"https:\\\/\\\/usmtwt.com\\\/qui-sommes-nous\\\/\"]}]},{\"@type\":\"ImageObject\",\"inLanguage\":\"fr-FR\",\"@id\":\"https:\\\/\\\/usmtwt.com\\\/qui-sommes-nous\\\/#primaryimage\",\"url\":\"https:\\\/\\\/usmtwt.com\\\/wp-content\\\/uploads\\\/2022\\\/01\\\/75335_455368234098_5008723_n-159x300.jpg\",\"contentUrl\":\"https:\\\/\\\/usmtwt.com\\\/wp-content\\\/uploads\\\/2022\\\/01\\\/75335_455368234098_5008723_n-159x300.jpg\"},{\"@type\":\"BreadcrumbList\",\"@id\":\"https:\\\/\\\/usmtwt.com\\\/qui-sommes-nous\\\/#breadcrumb\",\"itemListElement\":[{\"@type\":\"ListItem\",\"position\":1,\"name\":\"Accueil\",\"item\":\"https:\\\/\\\/usmtwt.com\\\/\"},{\"@type\":\"ListItem\",\"position\":2,\"name\":\"Qui sommes nous ?\"}]},{\"@type\":\"WebSite\",\"@id\":\"https:\\\/\\\/usmtwt.com\\\/#website\",\"url\":\"https:\\\/\\\/usmtwt.com\\\/\",\"name\":\"\",\"description\":\"\",\"potentialAction\":[{\"@type\":\"SearchAction\",\"target\":{\"@type\":\"EntryPoint\",\"urlTemplate\":\"https:\\\/\\\/usmtwt.com\\\/?s={search_term_string}\"},\"query-input\":{\"@type\":\"PropertyValueSpecification\",\"valueRequired\":true,\"valueName\":\"search_term_string\"}}],\"inLanguage\":\"fr-FR\"}]}<\/script>\n<!-- \/ Yoast SEO plugin. -->","yoast_head_json":{"title":"Qui sommes nous ? -","robots":{"index":"index","follow":"follow","max-snippet":"max-snippet:-1","max-image-preview":"max-image-preview:large","max-video-preview":"max-video-preview:-1"},"canonical":"https:\/\/usmtwt.com\/qui-sommes-nous\/","og_locale":"fr_FR","og_type":"article","og_title":"Qui sommes nous ? -","og_description":"Passionn\u00e9 d\u2019histoire militaire, de v\u00e9hicules anciens et de sports m\u00e9caniques depuis ma plus tendre enfance, j\u2019ai grandi dans un environnement automobile. Je [&hellip;]","og_url":"https:\/\/usmtwt.com\/qui-sommes-nous\/","article_modified_time":"2022-11-18T17:32:14+00:00","og_image":[{"url":"https:\/\/usmtwt.com\/wp-content\/uploads\/2022\/01\/75335_455368234098_5008723_n-159x300.jpg","type":"","width":"","height":""}],"twitter_card":"summary_large_image","twitter_misc":{"Dur\u00e9e de lecture estim\u00e9e":"3 minutes"},"schema":{"@context":"https:\/\/schema.org","@graph":[{"@type":"WebPage","@id":"https:\/\/usmtwt.com\/qui-sommes-nous\/","url":"https:\/\/usmtwt.com\/qui-sommes-nous\/","name":"Qui sommes nous ? -","isPartOf":{"@id":"https:\/\/usmtwt.com\/#website"},"primaryImageOfPage":{"@id":"https:\/\/usmtwt.com\/qui-sommes-nous\/#primaryimage"},"image":{"@id":"https:\/\/usmtwt.com\/qui-sommes-nous\/#primaryimage"},"thumbnailUrl":"https:\/\/usmtwt.com\/wp-content\/uploads\/2022\/01\/75335_455368234098_5008723_n-159x300.jpg","datePublished":"2022-01-03T15:56:56+00:00","dateModified":"2022-11-18T17:32:14+00:00","breadcrumb":{"@id":"https:\/\/usmtwt.com\/qui-sommes-nous\/#breadcrumb"},"inLanguage":"fr-FR","potentialAction":[{"@type":"ReadAction","target":["https:\/\/usmtwt.com\/qui-sommes-nous\/"]}]},{"@type":"ImageObject","inLanguage":"fr-FR","@id":"https:\/\/usmtwt.com\/qui-sommes-nous\/#primaryimage","url":"https:\/\/usmtwt.com\/wp-content\/uploads\/2022\/01\/75335_455368234098_5008723_n-159x300.jpg","contentUrl":"https:\/\/usmtwt.com\/wp-content\/uploads\/2022\/01\/75335_455368234098_5008723_n-159x300.jpg"},{"@type":"BreadcrumbList","@id":"https:\/\/usmtwt.com\/qui-sommes-nous\/#breadcrumb","itemListElement":[{"@type":"ListItem","position":1,"name":"Accueil","item":"https:\/\/usmtwt.com\/"},{"@type":"ListItem","position":2,"name":"Qui sommes nous ?"}]},{"@type":"WebSite","@id":"https:\/\/usmtwt.com\/#website","url":"https:\/\/usmtwt.com\/","name":"","description":"","potentialAction":[{"@type":"SearchAction","target":{"@type":"EntryPoint","urlTemplate":"https:\/\/usmtwt.com\/?s={search_term_string}"},"query-input":{"@type":"PropertyValueSpecification","valueRequired":true,"valueName":"search_term_string"}}],"inLanguage":"fr-FR"}]}},"jetpack_sharing_enabled":true,"jetpack_shortlink":"https:\/\/wp.me\/PaMfEk-5Lp","_links":{"self":[{"href":"https:\/\/usmtwt.com\/fr\/wp-json\/wp\/v2\/pages\/22159","targetHints":{"allow":["GET"]}}],"collection":[{"href":"https:\/\/usmtwt.com\/fr\/wp-json\/wp\/v2\/pages"}],"about":[{"href":"https:\/\/usmtwt.com\/fr\/wp-json\/wp\/v2\/types\/page"}],"author":[{"embeddable":true,"href":"https:\/\/usmtwt.com\/fr\/wp-json\/wp\/v2\/users\/1"}],"replies":[{"embeddable":true,"href":"https:\/\/usmtwt.com\/fr\/wp-json\/wp\/v2\/comments?post=22159"}],"version-history":[{"count":16,"href":"https:\/\/usmtwt.com\/fr\/wp-json\/wp\/v2\/pages\/22159\/revisions"}],"predecessor-version":[{"id":24172,"href":"https:\/\/usmtwt.com\/fr\/wp-json\/wp\/v2\/pages\/22159\/revisions\/24172"}],"wp:attachment":[{"href":"https:\/\/usmtwt.com\/fr\/wp-json\/wp\/v2\/media?parent=22159"}],"curies":[{"name":"wp","href":"https:\/\/api.w.org\/{rel}","templated":true}]}}