{"id":25223,"date":"2023-12-05T16:24:26","date_gmt":"2023-12-05T16:24:26","guid":{"rendered":"https:\/\/usmtwt.com\/?post_type=product&#038;p=25223"},"modified":"2026-04-09T15:34:59","modified_gmt":"2026-04-09T15:34:59","slug":"peinture-liquid-vesicant-detector","status":"publish","type":"product","link":"https:\/\/usmtwt.com\/en\/boutique\/g508-gmc\/carrosserie-g508-gmc\/peinture-liquid-vesicant-detector\/","title":{"rendered":"Paint &#8220;Liquid Vesicant Detector&#8221; 0,250 ML"},"content":{"rendered":"<p class=\"qtranxs-available-languages-message qtranxs-available-languages-message-en\">Sorry, this entry is only available in <a href=\"https:\/\/usmtwt.com\/fr\/wp-json\/wp\/v2\/product\/25223\" class=\"qtranxs-available-language-link qtranxs-available-language-link-fr\" title=\"Fran\u00e7ais\">Fran\u00e7ais<\/a>. For the sake of viewer convenience, the content is shown below in the alternative language. You may click the link to switch the active language.<\/p><p>Peinture d\u00e9corative, ne pr\u00e9sentant pas les caract\u00e9ristiques d\u00e9tectrices de gaz.<\/p>\n<p>Decorative paint, not having gas detecting characteristics.<\/p>","protected":false},"excerpt":{"rendered":"<p>Sorry, this entry is only available in Fran\u00e7ais. For the sake of viewer convenience, the content is shown below in the alternative [&hellip;]<\/p>\n","protected":false},"featured_media":28630,"template":"","meta":{"jetpack_post_was_ever_published":false,"jetpack_publicize_message":"","jetpack_publicize_feature_enabled":true,"jetpack_social_post_already_shared":true,"jetpack_social_options":{"image_generator_settings":{"template":"highway","default_image_id":0,"font":"","enabled":false},"version":2}},"product_brand":[],"product_cat":[83,127,90,67,118,77,125,106,55],"product_tag":[],"class_list":{"0":"post-25223","1":"product","2":"type-product","3":"status-publish","4":"has-post-thumbnail","6":"product_cat-carrosserie-g104-sherman","7":"product_cat-carrosserie-g508-gmc","8":"product_cat-carrosserie-g136-g176-m8-m20-ford-greyhound","9":"product_cat-carrosserie","10":"product_cat-accessoires","11":"product_cat-carrosserie-g103-stuart-m3-m3a1-m5","12":"product_cat-carrosserie-g503-jeep-ford-willys-m201-1-4-ton","13":"product_cat-carrosserie-g502-dodge-wc-series","14":"product_cat-accessoires-accessories","16":"first","17":"instock","18":"shipping-taxable","19":"purchasable","20":"product-type-simple"},"supplier_id":null,"supplier_sku":"","barcode":null,"atum_controlled":true,"out_stock_date":null,"out_stock_threshold":null,"inheritable":false,"inbound_stock":null,"stock_on_hold":0,"sold_today":0,"sales_last_days":1,"reserved_stock":null,"customer_returns":null,"warehouse_damage":null,"lost_in_post":null,"other_logs":null,"out_stock_days":0,"lost_sales":0,"has_location":false,"update_date":"2026-04-19T00:16:08","atum_locations":[],"atum_stock_status":"instock","restock_status":false,"low_stock_amount":"","sales_update_date":"2026-04-19T00:16:08","calc_backorders":null,"yoast_head":"<!-- This site is optimized with the Yoast SEO plugin v27.4 - https:\/\/yoast.com\/product\/yoast-seo-wordpress\/ -->\n<title>Paint &quot;Liquid Vesicant Detector&quot; 0,250 ML -<\/title>\n<meta name=\"robots\" content=\"index, follow, max-snippet:-1, max-image-preview:large, max-video-preview:-1\" \/>\n<link rel=\"canonical\" href=\"https:\/\/usmtwt.com\/boutique\/g508-gmc\/carrosserie-g508-gmc\/peinture-liquid-vesicant-detector\/\" \/>\n<meta property=\"og:locale\" content=\"en_US\" \/>\n<meta property=\"og:type\" content=\"article\" \/>\n<meta property=\"og:title\" content=\"Paint &quot;Liquid Vesicant Detector&quot; 0,250 ML -\" \/>\n<meta property=\"og:description\" content=\"Sorry, this entry is only available in Fran\u00e7ais. For the sake of viewer convenience, the content is shown below in the alternative [&hellip;]\" \/>\n<meta property=\"og:url\" content=\"https:\/\/usmtwt.com\/boutique\/g508-gmc\/carrosserie-g508-gmc\/peinture-liquid-vesicant-detector\/\" \/>\n<meta property=\"article:modified_time\" content=\"2026-04-09T15:34:59+00:00\" \/>\n<meta property=\"og:image\" content=\"https:\/\/usmtwt.com\/wp-content\/uploads\/2023\/12\/USMTWT4107.jpg\" \/>\n\t<meta property=\"og:image:width\" content=\"1280\" \/>\n\t<meta property=\"og:image:height\" content=\"960\" \/>\n\t<meta property=\"og:image:type\" content=\"image\/jpeg\" \/>\n<meta name=\"twitter:card\" content=\"summary_large_image\" \/>\n<meta name=\"twitter:label1\" content=\"Est. reading time\" \/>\n\t<meta name=\"twitter:data1\" content=\"1 minute\" \/>\n<script type=\"application\/ld+json\" class=\"yoast-schema-graph\">{\"@context\":\"https:\\\/\\\/schema.org\",\"@graph\":[{\"@type\":\"WebPage\",\"@id\":\"https:\\\/\\\/usmtwt.com\\\/boutique\\\/g508-gmc\\\/carrosserie-g508-gmc\\\/peinture-liquid-vesicant-detector\\\/\",\"url\":\"https:\\\/\\\/usmtwt.com\\\/boutique\\\/g508-gmc\\\/carrosserie-g508-gmc\\\/peinture-liquid-vesicant-detector\\\/\",\"name\":\"Paint \\\"Liquid Vesicant Detector\\\" 0,250 ML -\",\"isPartOf\":{\"@id\":\"https:\\\/\\\/usmtwt.com\\\/#website\"},\"primaryImageOfPage\":{\"@id\":\"https:\\\/\\\/usmtwt.com\\\/boutique\\\/g508-gmc\\\/carrosserie-g508-gmc\\\/peinture-liquid-vesicant-detector\\\/#primaryimage\"},\"image\":{\"@id\":\"https:\\\/\\\/usmtwt.com\\\/boutique\\\/g508-gmc\\\/carrosserie-g508-gmc\\\/peinture-liquid-vesicant-detector\\\/#primaryimage\"},\"thumbnailUrl\":\"https:\\\/\\\/usmtwt.com\\\/wp-content\\\/uploads\\\/2023\\\/12\\\/USMTWT4107.jpg\",\"datePublished\":\"2023-12-05T16:24:26+00:00\",\"dateModified\":\"2026-04-09T15:34:59+00:00\",\"breadcrumb\":{\"@id\":\"https:\\\/\\\/usmtwt.com\\\/boutique\\\/g508-gmc\\\/carrosserie-g508-gmc\\\/peinture-liquid-vesicant-detector\\\/#breadcrumb\"},\"inLanguage\":\"en-US\",\"potentialAction\":[{\"@type\":\"ReadAction\",\"target\":[\"https:\\\/\\\/usmtwt.com\\\/boutique\\\/g508-gmc\\\/carrosserie-g508-gmc\\\/peinture-liquid-vesicant-detector\\\/\"]}]},{\"@type\":\"ImageObject\",\"inLanguage\":\"en-US\",\"@id\":\"https:\\\/\\\/usmtwt.com\\\/boutique\\\/g508-gmc\\\/carrosserie-g508-gmc\\\/peinture-liquid-vesicant-detector\\\/#primaryimage\",\"url\":\"https:\\\/\\\/usmtwt.com\\\/wp-content\\\/uploads\\\/2023\\\/12\\\/USMTWT4107.jpg\",\"contentUrl\":\"https:\\\/\\\/usmtwt.com\\\/wp-content\\\/uploads\\\/2023\\\/12\\\/USMTWT4107.jpg\",\"width\":1280,\"height\":960},{\"@type\":\"BreadcrumbList\",\"@id\":\"https:\\\/\\\/usmtwt.com\\\/boutique\\\/g508-gmc\\\/carrosserie-g508-gmc\\\/peinture-liquid-vesicant-detector\\\/#breadcrumb\",\"itemListElement\":[{\"@type\":\"ListItem\",\"position\":1,\"name\":\"Accueil\",\"item\":\"https:\\\/\\\/usmtwt.com\\\/\"},{\"@type\":\"ListItem\",\"position\":2,\"name\":\"Products\",\"item\":\"https:\\\/\\\/usmtwt.com\\\/en\\\/shop\\\/\"},{\"@type\":\"ListItem\",\"position\":3,\"name\":\"[:fr]Peinture \u00ab\u00a0Liquid Vesicant Detector\u00a0\u00bb 0,250 ML[:en]Paint \u00ab\u00a0Liquid Vesicant Detector\u00a0\u00bb 0,250 ML[:]\"}]},{\"@type\":\"WebSite\",\"@id\":\"https:\\\/\\\/usmtwt.com\\\/#website\",\"url\":\"https:\\\/\\\/usmtwt.com\\\/\",\"name\":\"\",\"description\":\"\",\"potentialAction\":[{\"@type\":\"SearchAction\",\"target\":{\"@type\":\"EntryPoint\",\"urlTemplate\":\"https:\\\/\\\/usmtwt.com\\\/?s={search_term_string}\"},\"query-input\":{\"@type\":\"PropertyValueSpecification\",\"valueRequired\":true,\"valueName\":\"search_term_string\"}}],\"inLanguage\":\"en-US\"}]}<\/script>\n<!-- \/ Yoast SEO plugin. -->","yoast_head_json":{"title":"Paint \"Liquid Vesicant Detector\" 0,250 ML -","robots":{"index":"index","follow":"follow","max-snippet":"max-snippet:-1","max-image-preview":"max-image-preview:large","max-video-preview":"max-video-preview:-1"},"canonical":"https:\/\/usmtwt.com\/boutique\/g508-gmc\/carrosserie-g508-gmc\/peinture-liquid-vesicant-detector\/","og_locale":"en_US","og_type":"article","og_title":"Paint \"Liquid Vesicant Detector\" 0,250 ML -","og_description":"Sorry, this entry is only available in Fran\u00e7ais. For the sake of viewer convenience, the content is shown below in the alternative [&hellip;]","og_url":"https:\/\/usmtwt.com\/boutique\/g508-gmc\/carrosserie-g508-gmc\/peinture-liquid-vesicant-detector\/","article_modified_time":"2026-04-09T15:34:59+00:00","og_image":[{"width":1280,"height":960,"url":"https:\/\/usmtwt.com\/wp-content\/uploads\/2023\/12\/USMTWT4107.jpg","type":"image\/jpeg"}],"twitter_card":"summary_large_image","twitter_misc":{"Est. reading time":"1 minute"},"schema":{"@context":"https:\/\/schema.org","@graph":[{"@type":"WebPage","@id":"https:\/\/usmtwt.com\/boutique\/g508-gmc\/carrosserie-g508-gmc\/peinture-liquid-vesicant-detector\/","url":"https:\/\/usmtwt.com\/boutique\/g508-gmc\/carrosserie-g508-gmc\/peinture-liquid-vesicant-detector\/","name":"Paint \"Liquid Vesicant Detector\" 0,250 ML -","isPartOf":{"@id":"https:\/\/usmtwt.com\/#website"},"primaryImageOfPage":{"@id":"https:\/\/usmtwt.com\/boutique\/g508-gmc\/carrosserie-g508-gmc\/peinture-liquid-vesicant-detector\/#primaryimage"},"image":{"@id":"https:\/\/usmtwt.com\/boutique\/g508-gmc\/carrosserie-g508-gmc\/peinture-liquid-vesicant-detector\/#primaryimage"},"thumbnailUrl":"https:\/\/usmtwt.com\/wp-content\/uploads\/2023\/12\/USMTWT4107.jpg","datePublished":"2023-12-05T16:24:26+00:00","dateModified":"2026-04-09T15:34:59+00:00","breadcrumb":{"@id":"https:\/\/usmtwt.com\/boutique\/g508-gmc\/carrosserie-g508-gmc\/peinture-liquid-vesicant-detector\/#breadcrumb"},"inLanguage":"en-US","potentialAction":[{"@type":"ReadAction","target":["https:\/\/usmtwt.com\/boutique\/g508-gmc\/carrosserie-g508-gmc\/peinture-liquid-vesicant-detector\/"]}]},{"@type":"ImageObject","inLanguage":"en-US","@id":"https:\/\/usmtwt.com\/boutique\/g508-gmc\/carrosserie-g508-gmc\/peinture-liquid-vesicant-detector\/#primaryimage","url":"https:\/\/usmtwt.com\/wp-content\/uploads\/2023\/12\/USMTWT4107.jpg","contentUrl":"https:\/\/usmtwt.com\/wp-content\/uploads\/2023\/12\/USMTWT4107.jpg","width":1280,"height":960},{"@type":"BreadcrumbList","@id":"https:\/\/usmtwt.com\/boutique\/g508-gmc\/carrosserie-g508-gmc\/peinture-liquid-vesicant-detector\/#breadcrumb","itemListElement":[{"@type":"ListItem","position":1,"name":"Accueil","item":"https:\/\/usmtwt.com\/"},{"@type":"ListItem","position":2,"name":"Products","item":"https:\/\/usmtwt.com\/en\/shop\/"},{"@type":"ListItem","position":3,"name":"[:fr]Peinture \u00ab\u00a0Liquid Vesicant Detector\u00a0\u00bb 0,250 ML[:en]Paint \u00ab\u00a0Liquid Vesicant Detector\u00a0\u00bb 0,250 ML[:]"}]},{"@type":"WebSite","@id":"https:\/\/usmtwt.com\/#website","url":"https:\/\/usmtwt.com\/","name":"","description":"","potentialAction":[{"@type":"SearchAction","target":{"@type":"EntryPoint","urlTemplate":"https:\/\/usmtwt.com\/?s={search_term_string}"},"query-input":{"@type":"PropertyValueSpecification","valueRequired":true,"valueName":"search_term_string"}}],"inLanguage":"en-US"}]}},"jetpack_publicize_connections":[],"jetpack_sharing_enabled":true,"_links":{"self":[{"href":"https:\/\/usmtwt.com\/en\/wp-json\/wp\/v2\/product\/25223","targetHints":{"allow":["GET"]}}],"collection":[{"href":"https:\/\/usmtwt.com\/en\/wp-json\/wp\/v2\/product"}],"about":[{"href":"https:\/\/usmtwt.com\/en\/wp-json\/wp\/v2\/types\/product"}],"wp:featuredmedia":[{"embeddable":true,"href":"https:\/\/usmtwt.com\/en\/wp-json\/wp\/v2\/media\/28630"}],"wp:attachment":[{"href":"https:\/\/usmtwt.com\/en\/wp-json\/wp\/v2\/media?parent=25223"}],"wp:term":[{"taxonomy":"product_brand","embeddable":true,"href":"https:\/\/usmtwt.com\/en\/wp-json\/wp\/v2\/product_brand?post=25223"},{"taxonomy":"product_cat","embeddable":true,"href":"https:\/\/usmtwt.com\/en\/wp-json\/wp\/v2\/product_cat?post=25223"},{"taxonomy":"product_tag","embeddable":true,"href":"https:\/\/usmtwt.com\/en\/wp-json\/wp\/v2\/product_tag?post=25223"}],"curies":[{"name":"wp","href":"https:\/\/api.w.org\/{rel}","templated":true}]}}