{"id":2,"date":"2018-01-02T09:02:29","date_gmt":"2018-01-02T09:02:29","guid":{"rendered":"http:\/\/usmtwt.apps-1and1.net\/?page_id=2"},"modified":"2026-03-30T15:08:18","modified_gmt":"2026-03-30T15:08:18","slug":"vente-en-ligne-de-pieces-detachees-pour-vehicules-americains-de-la-seconde-guerre-mondiale-us-ww2-jeep-dodge-gmc-half-track-m8","status":"publish","type":"page","link":"https:\/\/usmtwt.com\/en\/","title":{"rendered":""},"content":{"rendered":"<p><\/p>\n<div style=\"text-align: center;\">\n<div><\/div>\n<div>\n<hr \/>\n<\/div>\n<p><img loading=\"lazy\" decoding=\"async\" class=\"alignnone wp-image-30208\" src=\"https:\/\/usmtwt.com\/wp-content\/uploads\/2026\/03\/1EuIzIvL-300x167.jpg\" alt=\"\" width=\"674\" height=\"375\" srcset=\"https:\/\/usmtwt.com\/wp-content\/uploads\/2026\/03\/1EuIzIvL-300x167.jpg 300w, https:\/\/usmtwt.com\/wp-content\/uploads\/2026\/03\/1EuIzIvL-1024x572.jpg 1024w, https:\/\/usmtwt.com\/wp-content\/uploads\/2026\/03\/1EuIzIvL-150x84.jpg 150w, https:\/\/usmtwt.com\/wp-content\/uploads\/2026\/03\/1EuIzIvL-768x429.jpg 768w, https:\/\/usmtwt.com\/wp-content\/uploads\/2026\/03\/1EuIzIvL-1000x558.jpg 1000w, https:\/\/usmtwt.com\/wp-content\/uploads\/2026\/03\/1EuIzIvL-230x128.jpg 230w, https:\/\/usmtwt.com\/wp-content\/uploads\/2026\/03\/1EuIzIvL-350x195.jpg 350w, https:\/\/usmtwt.com\/wp-content\/uploads\/2026\/03\/1EuIzIvL-480x268.jpg 480w, https:\/\/usmtwt.com\/wp-content\/uploads\/2026\/03\/1EuIzIvL.jpg 1376w\" sizes=\"auto, (max-width: 674px) 100vw, 674px\" \/><\/p>\n<\/div>\n<div style=\"text-align: center;\"><a href=\"https:\/\/usmtwt.com\/fr\/product-category\/nouveautes\/\"><span style=\"font-size: 24pt; font-family: georgia, palatino, serif;\">NEWS<\/span><\/a><\/div>\n<div style=\"text-align: center;\"><\/div>\n<hr \/>\n<div style=\"text-align: center;\"><span style=\"font-size: 14pt;\">We make international shipments, do not hesitate to contact us for any questions<\/span><\/div>\n<div class=\"text_exposed_show\">\n<p style=\"text-align: center;\"><img loading=\"lazy\" decoding=\"async\" class=\"alignnone size-full wp-image-3527\" src=\"https:\/\/usmtwt.com\/wp-content\/uploads\/2019\/05\/worldshipping.jpg\" alt=\"\" width=\"200\" height=\"200\" srcset=\"https:\/\/usmtwt.com\/wp-content\/uploads\/2019\/05\/worldshipping.jpg 200w, https:\/\/usmtwt.com\/wp-content\/uploads\/2019\/05\/worldshipping-100x100.jpg 100w, https:\/\/usmtwt.com\/wp-content\/uploads\/2019\/05\/worldshipping-150x150.jpg 150w\" sizes=\"auto, (max-width: 200px) 100vw, 200px\" \/><\/p>\n<\/div>\n<div style=\"text-align: center;\">\n<div><\/div>\n<p><img loading=\"lazy\" decoding=\"async\" class=\"alignnone wp-image-30208\" src=\"https:\/\/usmtwt.com\/wp-content\/uploads\/2026\/03\/1EuIzIvL-300x167.jpg\" alt=\"\" width=\"674\" height=\"375\" srcset=\"https:\/\/usmtwt.com\/wp-content\/uploads\/2026\/03\/1EuIzIvL-300x167.jpg 300w, https:\/\/usmtwt.com\/wp-content\/uploads\/2026\/03\/1EuIzIvL-1024x572.jpg 1024w, https:\/\/usmtwt.com\/wp-content\/uploads\/2026\/03\/1EuIzIvL-150x84.jpg 150w, https:\/\/usmtwt.com\/wp-content\/uploads\/2026\/03\/1EuIzIvL-768x429.jpg 768w, https:\/\/usmtwt.com\/wp-content\/uploads\/2026\/03\/1EuIzIvL-1000x558.jpg 1000w, https:\/\/usmtwt.com\/wp-content\/uploads\/2026\/03\/1EuIzIvL-230x128.jpg 230w, https:\/\/usmtwt.com\/wp-content\/uploads\/2026\/03\/1EuIzIvL-350x195.jpg 350w, https:\/\/usmtwt.com\/wp-content\/uploads\/2026\/03\/1EuIzIvL-480x268.jpg 480w, https:\/\/usmtwt.com\/wp-content\/uploads\/2026\/03\/1EuIzIvL.jpg 1376w\" sizes=\"auto, (max-width: 674px) 100vw, 674px\" \/><\/p>\n<\/div>\n<div style=\"text-align: center;\"><a href=\"https:\/\/usmtwt.com\/fr\/product-category\/nouveautes\/\"><span style=\"font-size: 24pt; font-family: georgia, palatino, serif;\">NEWS<\/span><\/a><\/div>\n<div style=\"text-align: center;\"><\/div>\n<hr \/>\n<div style=\"text-align: center;\"><span style=\"font-size: 14pt;\">We make international shipments, do not hesitate to contact us for any questions<\/span><\/div>\n<div class=\"text_exposed_show\">\n<p style=\"text-align: center;\"><img loading=\"lazy\" decoding=\"async\" class=\"alignnone size-full wp-image-3527\" src=\"https:\/\/usmtwt.com\/wp-content\/uploads\/2019\/05\/worldshipping.jpg\" alt=\"\" width=\"200\" height=\"200\" srcset=\"https:\/\/usmtwt.com\/wp-content\/uploads\/2019\/05\/worldshipping.jpg 200w, https:\/\/usmtwt.com\/wp-content\/uploads\/2019\/05\/worldshipping-100x100.jpg 100w, https:\/\/usmtwt.com\/wp-content\/uploads\/2019\/05\/worldshipping-150x150.jpg 150w\" sizes=\"auto, (max-width: 200px) 100vw, 200px\" \/><\/p>\n<\/div>\n<p style=\"text-align: center;\">\n<p><\/p>","protected":false},"excerpt":{"rendered":"<p>NEWS We make international shipments, do not hesitate to contact us for any questions NEWS We make international shipments, do not hesitate [&hellip;]<\/p>\n","protected":false},"author":1,"featured_media":0,"parent":0,"menu_order":0,"comment_status":"closed","ping_status":"open","template":"","meta":{"jetpack_post_was_ever_published":false,"footnotes":""},"class_list":["post-2","page","type-page","status-publish","hentry"],"yoast_head":"<!-- This site is optimized with the Yoast SEO plugin v27.4 - https:\/\/yoast.com\/product\/yoast-seo-wordpress\/ -->\n<title>Vente pi\u00e8ces d\u00e9tach\u00e9es Jeep, dodge, GMC<\/title>\n<meta name=\"description\" content=\"Vente en ligne de pi\u00e8ces d\u00e9tach\u00e9es pour v\u00e9hicules am\u00e9ricains de la seconde guerre mondiale US WW2, jeep, dodge, GMC, half track, M8\" \/>\n<meta name=\"robots\" content=\"index, follow, max-snippet:-1, max-image-preview:large, max-video-preview:-1\" \/>\n<link rel=\"canonical\" href=\"https:\/\/usmtwt.com\/\" \/>\n<meta property=\"og:locale\" content=\"en_US\" \/>\n<meta property=\"og:type\" content=\"article\" \/>\n<meta property=\"og:title\" content=\"[:fr] Vente pi\u00e8ces d\u00e9tach\u00e9es Jeep, dodge, GMC [:]\" \/>\n<meta property=\"og:description\" content=\"{:fr}Vente en ligne de pi\u00e8ces d\u00e9tach\u00e9es pour v\u00e9hicules militaires am\u00e9ricains de la seconde guerre mondiale US WW2, jeep, dodge, GMC, half track,{:en}Vente en ligne de pi\u00e8ces d\u00e9tach\u00e9es pour v\u00e9hicules am\u00e9ricains de la seconde guerre mondiale US WW2, jeep, dodge, GMC, half track, M8{:}\" \/>\n<meta property=\"og:url\" content=\"https:\/\/usmtwt.com\/\" \/>\n<meta property=\"article:modified_time\" content=\"2026-03-30T15:08:18+00:00\" \/>\n<meta property=\"og:image\" content=\"https:\/\/usmtwt.com\/wp-content\/uploads\/2026\/03\/1EuIzIvL-300x167.jpg\" \/>\n<meta name=\"twitter:card\" content=\"summary_large_image\" \/>\n<meta name=\"twitter:label1\" content=\"Est. reading time\" \/>\n\t<meta name=\"twitter:data1\" content=\"1 minute\" \/>\n<script type=\"application\/ld+json\" class=\"yoast-schema-graph\">{\"@context\":\"https:\\\/\\\/schema.org\",\"@graph\":[{\"@type\":\"WebPage\",\"@id\":\"https:\\\/\\\/usmtwt.com\\\/\",\"url\":\"https:\\\/\\\/usmtwt.com\\\/\",\"name\":\"[:fr] Vente pi\u00e8ces d\u00e9tach\u00e9es Jeep, dodge, GMC [:]\",\"isPartOf\":{\"@id\":\"https:\\\/\\\/usmtwt.com\\\/#website\"},\"primaryImageOfPage\":{\"@id\":\"https:\\\/\\\/usmtwt.com\\\/#primaryimage\"},\"image\":{\"@id\":\"https:\\\/\\\/usmtwt.com\\\/#primaryimage\"},\"thumbnailUrl\":\"https:\\\/\\\/usmtwt.com\\\/wp-content\\\/uploads\\\/2026\\\/03\\\/1EuIzIvL-300x167.jpg\",\"datePublished\":\"2018-01-02T09:02:29+00:00\",\"dateModified\":\"2026-03-30T15:08:18+00:00\",\"description\":\"{:fr}Vente en ligne de pi\u00e8ces d\u00e9tach\u00e9es pour v\u00e9hicules militaires am\u00e9ricains de la seconde guerre mondiale US WW2, jeep, dodge, GMC, half track,{:en}Vente en ligne de pi\u00e8ces d\u00e9tach\u00e9es pour v\u00e9hicules am\u00e9ricains de la seconde guerre mondiale US WW2, jeep, dodge, GMC, half track, M8{:}\",\"inLanguage\":\"en-US\",\"potentialAction\":[{\"@type\":\"ReadAction\",\"target\":[\"https:\\\/\\\/usmtwt.com\\\/\"]}]},{\"@type\":\"ImageObject\",\"inLanguage\":\"en-US\",\"@id\":\"https:\\\/\\\/usmtwt.com\\\/#primaryimage\",\"url\":\"https:\\\/\\\/usmtwt.com\\\/wp-content\\\/uploads\\\/2026\\\/03\\\/1EuIzIvL-300x167.jpg\",\"contentUrl\":\"https:\\\/\\\/usmtwt.com\\\/wp-content\\\/uploads\\\/2026\\\/03\\\/1EuIzIvL-300x167.jpg\"},{\"@type\":\"WebSite\",\"@id\":\"https:\\\/\\\/usmtwt.com\\\/#website\",\"url\":\"https:\\\/\\\/usmtwt.com\\\/\",\"name\":\"\",\"description\":\"\",\"potentialAction\":[{\"@type\":\"SearchAction\",\"target\":{\"@type\":\"EntryPoint\",\"urlTemplate\":\"https:\\\/\\\/usmtwt.com\\\/?s={search_term_string}\"},\"query-input\":{\"@type\":\"PropertyValueSpecification\",\"valueRequired\":true,\"valueName\":\"search_term_string\"}}],\"inLanguage\":\"en-US\"}]}<\/script>\n<!-- \/ Yoast SEO plugin. -->","yoast_head_json":{"title":"Vente pi\u00e8ces d\u00e9tach\u00e9es Jeep, dodge, GMC","description":"Vente en ligne de pi\u00e8ces d\u00e9tach\u00e9es pour v\u00e9hicules am\u00e9ricains de la seconde guerre mondiale US WW2, jeep, dodge, GMC, half track, M8","robots":{"index":"index","follow":"follow","max-snippet":"max-snippet:-1","max-image-preview":"max-image-preview:large","max-video-preview":"max-video-preview:-1"},"canonical":"https:\/\/usmtwt.com\/","og_locale":"en_US","og_type":"article","og_title":"[:fr] Vente pi\u00e8ces d\u00e9tach\u00e9es Jeep, dodge, GMC [:]","og_description":"{:fr}Vente en ligne de pi\u00e8ces d\u00e9tach\u00e9es pour v\u00e9hicules militaires am\u00e9ricains de la seconde guerre mondiale US WW2, jeep, dodge, GMC, half track,{:en}Vente en ligne de pi\u00e8ces d\u00e9tach\u00e9es pour v\u00e9hicules am\u00e9ricains de la seconde guerre mondiale US WW2, jeep, dodge, GMC, half track, M8{:}","og_url":"https:\/\/usmtwt.com\/","article_modified_time":"2026-03-30T15:08:18+00:00","og_image":[{"url":"https:\/\/usmtwt.com\/wp-content\/uploads\/2026\/03\/1EuIzIvL-300x167.jpg","type":"","width":"","height":""}],"twitter_card":"summary_large_image","twitter_misc":{"Est. reading time":"1 minute"},"schema":{"@context":"https:\/\/schema.org","@graph":[{"@type":"WebPage","@id":"https:\/\/usmtwt.com\/","url":"https:\/\/usmtwt.com\/","name":"[:fr] Vente pi\u00e8ces d\u00e9tach\u00e9es Jeep, dodge, GMC [:]","isPartOf":{"@id":"https:\/\/usmtwt.com\/#website"},"primaryImageOfPage":{"@id":"https:\/\/usmtwt.com\/#primaryimage"},"image":{"@id":"https:\/\/usmtwt.com\/#primaryimage"},"thumbnailUrl":"https:\/\/usmtwt.com\/wp-content\/uploads\/2026\/03\/1EuIzIvL-300x167.jpg","datePublished":"2018-01-02T09:02:29+00:00","dateModified":"2026-03-30T15:08:18+00:00","description":"{:fr}Vente en ligne de pi\u00e8ces d\u00e9tach\u00e9es pour v\u00e9hicules militaires am\u00e9ricains de la seconde guerre mondiale US WW2, jeep, dodge, GMC, half track,{:en}Vente en ligne de pi\u00e8ces d\u00e9tach\u00e9es pour v\u00e9hicules am\u00e9ricains de la seconde guerre mondiale US WW2, jeep, dodge, GMC, half track, M8{:}","inLanguage":"en-US","potentialAction":[{"@type":"ReadAction","target":["https:\/\/usmtwt.com\/"]}]},{"@type":"ImageObject","inLanguage":"en-US","@id":"https:\/\/usmtwt.com\/#primaryimage","url":"https:\/\/usmtwt.com\/wp-content\/uploads\/2026\/03\/1EuIzIvL-300x167.jpg","contentUrl":"https:\/\/usmtwt.com\/wp-content\/uploads\/2026\/03\/1EuIzIvL-300x167.jpg"},{"@type":"WebSite","@id":"https:\/\/usmtwt.com\/#website","url":"https:\/\/usmtwt.com\/","name":"","description":"","potentialAction":[{"@type":"SearchAction","target":{"@type":"EntryPoint","urlTemplate":"https:\/\/usmtwt.com\/?s={search_term_string}"},"query-input":{"@type":"PropertyValueSpecification","valueRequired":true,"valueName":"search_term_string"}}],"inLanguage":"en-US"}]}},"jetpack_sharing_enabled":true,"jetpack_shortlink":"https:\/\/wp.me\/PaMfEk-2","_links":{"self":[{"href":"https:\/\/usmtwt.com\/en\/wp-json\/wp\/v2\/pages\/2","targetHints":{"allow":["GET"]}}],"collection":[{"href":"https:\/\/usmtwt.com\/en\/wp-json\/wp\/v2\/pages"}],"about":[{"href":"https:\/\/usmtwt.com\/en\/wp-json\/wp\/v2\/types\/page"}],"author":[{"embeddable":true,"href":"https:\/\/usmtwt.com\/en\/wp-json\/wp\/v2\/users\/1"}],"replies":[{"embeddable":true,"href":"https:\/\/usmtwt.com\/en\/wp-json\/wp\/v2\/comments?post=2"}],"version-history":[{"count":256,"href":"https:\/\/usmtwt.com\/en\/wp-json\/wp\/v2\/pages\/2\/revisions"}],"predecessor-version":[{"id":30280,"href":"https:\/\/usmtwt.com\/en\/wp-json\/wp\/v2\/pages\/2\/revisions\/30280"}],"wp:attachment":[{"href":"https:\/\/usmtwt.com\/en\/wp-json\/wp\/v2\/media?parent=2"}],"curies":[{"name":"wp","href":"https:\/\/api.w.org\/{rel}","templated":true}]}}